{"id":4910,"date":"2024-03-20T12:45:20","date_gmt":"2024-03-20T11:45:20","guid":{"rendered":"https:\/\/www.mizarstvoornik.si\/piskotki\/"},"modified":"2024-04-14T22:46:34","modified_gmt":"2024-04-14T20:46:34","slug":"cookies","status":"publish","type":"page","link":"https:\/\/www.mizarstvoornik.si\/de\/cookies\/","title":{"rendered":"Cookies"},"content":{"rendered":"<h3>Obvestilo o pi\u0161kotkih<\/h3>\n<p>&nbsp;<\/p>\n<p><strong>O pogojih uporabe<\/strong><br \/>\nS pogoji uporabe pi\u0161kotkov vam ponujamo informacije o tem, kako uporabljamo pi\u0161kotke in podobne tehnologije na na\u0161i spletni strani. Ve\u010d o pogojih uporabe spletne strani www.mizarstvoornik.si lahko preberete <a href=\"https:\/\/www.mizarstvoornik.si\/de\/allgemein-geschaeftsbedingungen\/\">TUKAJ<\/a>. Pravilnik o varstvu osebnih podatkov je dostopen\u00a0<a href=\"https:\/\/www.mizarstvoornik.si\/de\/datenschutzpolitik\/\">TUKAJ<\/a>.<\/p>\n<p>&nbsp;<\/p>\n<p><strong>Pi\u0161kotki<\/strong><br \/>\nKo uporabljate na\u0161o spletno stran, na va\u0161o napravo po\u0161ljemo enega ali ve\u010d pi\u0161kotkov \u2013 majhne tekstovne datoteke, ki vklju\u010dujejo alfanumeri\u010dne znake. Pri tem lahko uporabimo sejne pi\u0161kotke ali trajne pi\u0161kotke.<br \/>\nSejni pi\u0161kotki z va\u0161e naprave izginejo takoj, ko zaprete okno brskalnika (ko se zaklju\u010di seja). Trajni pi\u0161kotek pa v va\u0161i napravi ostane tudi po tem, ko brskalnik zaprete, brskalnik pa ga lahko uporabi ob vseh naslednjih obiskih na\u0161e spletne strani. V povezavi z drugimi storitvami, ki so povezane z na\u0161o spletno stranjo, lahko uporabimo tudi pi\u0161kotke tretjih oseb.<\/p>\n<p>&nbsp;<\/p>\n<p><strong>Kako uporabljamo pi\u0161kotke in podobne tehnologije<\/strong><br \/>\nPi\u0161kotke in avtomati\u010dno zbrane podatke lahko uporabimo za:<br \/>\n(1) prirejanje na\u0161e spletne strani in drugih storitev, povezanih z na\u0161o spletno stranjo, kot je na primer pomnenje va\u0161ih informacij z namenom, da vam jih ob naslednjem obisku na\u0161e spletne strani ali drugih storitev, povezanih z na\u0161o spletno stranjo, ne bi bilo treba ponovno vnesti; (2) prilagajanje vsebine in informacij; (3) spremljanje in analizo u\u010dinkovitosti na\u0161ega spletnega mesta, drugih storitev, povezanih z na\u0161o spletno stranjo; (4) spremljanje vseh metrik uporabe na\u0161e spletne strani, kot je na primer skupno \u0161tevilo obiskovalcev in \u0161tevilo obiskanih strani.<\/p>\n<p>Tehnologija sledenja nam omogo\u010da tudi urejanje in izbolj\u0161anje uporabnosti na\u0161e spletne strani, saj lahko z njo (1) zaznamo, \u010de ste bili v preteklosti \u017ee v kontaktu z na\u0161o spletno stranjo in (2) prepoznamo najbolj priljubljene dele na\u0161e spletne strani.<\/p>\n<p>&nbsp;<\/p>\n<p><strong>Kako lahko spremenim svoje nastavitve pi\u0161kotkov?<\/strong><br \/>\nSvojemu brskalniku z urejanjem nastavitev lahko naro\u010dite, da zavrne sprejemanje pi\u0161kotkov katerekoli spletne strani, ki jo obi\u0161\u010dete, s pomo\u010djo ustrezne funkcije brskalnika pa lahko pi\u0161kotke z va\u0161ega ra\u010dunalnika ali mobilne naprave tudi izbri\u0161ete.<br \/>\n\u010ce pi\u0161kotke onemogo\u010dite, lahko dolo\u010deni deli in vsebine na\u0161e spletne strani in storitev postanejo nedostopni, dolo\u010dene funkcionalnosti pa morda ne bodo delovale pravilno.<\/p>\n<p>Za spreminjanje nastavitev pi\u0161kotkov sledite navodilom brskalnika (ki se obi\u010dajno nahajajo pod zavihkom \u201cPomo\u010d\u201d, \u201cOrodja\u201d ali \u201cUrejanje\u201d).<\/p>\n","protected":false},"excerpt":{"rendered":"<p>Obvestilo o pi\u0161kotkih &nbsp; O pogojih uporabe S pogoji uporabe pi\u0161kotkov vam ponujamo informacije o tem, kako uporabljamo pi\u0161kotke in podobne tehnologije na na\u0161i spletni strani. Ve\u010d o pogojih uporabe spletne strani www.mizarstvoornik.si lahko preberete TUKAJ. Pravilnik o varstvu osebnih podatkov je dostopen\u00a0TUKAJ. &nbsp; Pi\u0161kotki Ko uporabljate na\u0161o spletno stran, na va\u0161o napravo po\u0161ljemo enega [&hellip;]<\/p>\n","protected":false},"author":1,"featured_media":0,"parent":0,"menu_order":0,"comment_status":"closed","ping_status":"open","template":"","meta":{"_monsterinsights_skip_tracking":false,"_monsterinsights_sitenote_active":false,"_monsterinsights_sitenote_note":"","_monsterinsights_sitenote_category":0,"footnotes":""},"class_list":["post-4910","page","type-page","status-publish","hentry"],"_links":{"self":[{"href":"https:\/\/www.mizarstvoornik.si\/de\/wp-json\/wp\/v2\/pages\/4910","targetHints":{"allow":["GET"]}}],"collection":[{"href":"https:\/\/www.mizarstvoornik.si\/de\/wp-json\/wp\/v2\/pages"}],"about":[{"href":"https:\/\/www.mizarstvoornik.si\/de\/wp-json\/wp\/v2\/types\/page"}],"author":[{"embeddable":true,"href":"https:\/\/www.mizarstvoornik.si\/de\/wp-json\/wp\/v2\/users\/1"}],"replies":[{"embeddable":true,"href":"https:\/\/www.mizarstvoornik.si\/de\/wp-json\/wp\/v2\/comments?post=4910"}],"version-history":[{"count":1,"href":"https:\/\/www.mizarstvoornik.si\/de\/wp-json\/wp\/v2\/pages\/4910\/revisions"}],"predecessor-version":[{"id":4911,"href":"https:\/\/www.mizarstvoornik.si\/de\/wp-json\/wp\/v2\/pages\/4910\/revisions\/4911"}],"wp:attachment":[{"href":"https:\/\/www.mizarstvoornik.si\/de\/wp-json\/wp\/v2\/media?parent=4910"}],"curies":[{"name":"wp","href":"https:\/\/api.w.org\/{rel}","templated":true}]}}