{"id":4908,"date":"2024-03-20T12:43:25","date_gmt":"2024-03-20T11:43:25","guid":{"rendered":"https:\/\/www.mizarstvoornik.si\/politika-varovanja-osebnih-podatkov\/"},"modified":"2024-04-14T22:45:58","modified_gmt":"2024-04-14T20:45:58","slug":"datenschutzpolitik","status":"publish","type":"page","link":"https:\/\/www.mizarstvoornik.si\/de\/datenschutzpolitik\/","title":{"rendered":"Datenschutzpolitik"},"content":{"rendered":"<table>\n<tbody>\n<tr>\n<td width=\"642\"><strong>POLITIKA VAROVANJA OSEBNIH PODATKOV<\/strong><\/td>\n<\/tr>\n<\/tbody>\n<\/table>\n<p>&nbsp;<\/p>\n<table>\n<tbody>\n<tr>\n<td width=\"642\"><strong>1. SPLO\u0160NO<\/strong><\/td>\n<\/tr>\n<\/tbody>\n<\/table>\n<p>Mizarstvo Ornik, izdelava in dobava biolesnih izdelkov d.o.o., Le\u0161ane 3, 9253 Apa\u010de (v nadaljevanju: Ponudnik) se zavezuje, da bo varoval zaupnost osebnih podatkov in zasebnost uporabnikov spletnih strani. Vse posredovane osebne podatke bo Ponudnik uporabljal izklju\u010dno za opravljanje storitev, ki jih ponuja. Ponudnik zelo spo\u0161tuje zaupnost podanih osebnih podatkov in zasebnost uporabnikov spletnih strani, zato bo iz Ponudnikove strani storjeno vse, da jih za\u0161\u010diti pred kr\u0161itvami in zlorabami. Osebni podatki uporabnikov so za Ponudnika zelo pomembni in jim posve\u010da posebno pozornost in skrb.<\/p>\n<p>&nbsp;<\/p>\n<table>\n<tbody>\n<tr>\n<td width=\"642\"><strong>2. UPORABA OSEBNIH PODATKOV<\/strong><\/td>\n<\/tr>\n<\/tbody>\n<\/table>\n<p>Ponudnik za potrebe opravljanja storitev, ki jih ponuja, zbira, vodi, obdeluje\u00a0 in shranjuje naslednje uporabnikove podatke:<\/p>\n<ul>\n<li>ime in priimek;<\/li>\n<li>e-po\u0161tni naslov;<\/li>\n<li>druge podatke, ki jih uporabnik prostovoljno vnese v obrazce v spletnih straneh;<\/li>\n<\/ul>\n<p>Za pravilnost, popolnost in a\u017eurnost podatkov, ki jih vnesejo uporabniki \u2013 Ponudnik ne odgovarja.<\/p>\n<p>&nbsp;<\/p>\n<table>\n<tbody>\n<tr>\n<td width=\"642\"><strong>3. NAMEN OBDELAVE OSEBNIH PODATKOV<\/strong><\/td>\n<\/tr>\n<\/tbody>\n<\/table>\n<p>Ponudnik bo osebne podatke obdeloval v naslednje namene:<\/p>\n<ul>\n<li>Za komunikacijo z uporabnikom glede oddanih povpra\u0161evanj po izdelkih oz. v primeru vpra\u0161anj uporabnikov. V ta namen bo Ponudnik osebne podatke hranil tako dolgo, dokler so ti potrebni za komunikacijo s stranko.<\/li>\n<li>\u00a0Osebne podatke, ki jih prejmemo od naro\u010dnika hranimo do 12 mesecev po poslanem zadnjem sporo\u010dilu oz. zaklju\u010dku naro\u010dila ( izpolnitve pogodbe). Podatki na izdanih ra\u010dunih pa se hranijo 10 let od izdaje ra\u010duna.<\/li>\n<\/ul>\n<p>&nbsp;<\/p>\n<table>\n<tbody>\n<tr>\n<td width=\"642\"><strong>4. PRAVICE UPORABNIKA<\/strong><\/td>\n<\/tr>\n<\/tbody>\n<\/table>\n<p>Uporabnik lahko kadarkoli zahteva:<\/p>\n<ul>\n<li>Pravica do seznanitve: vedno imate pravico do seznanitve ali se v zvezi z vami obdelujejo osebni podatki in \u010de se, dostop do osebnih podatkov in naslednje informacije:<\/li>\n<\/ul>\n<p>(a) namene obdelave;<\/p>\n<p>(b) vrste zadevnih osebnih podatkov;<\/p>\n<p>(c) uporabnike ali kategorije uporabnika, ki so jim bili ali jim bodo razkriti osebni podatki;<\/p>\n<p>(d) predvideno obdobje hrambe osebnih podatkov ali, \u010de to ni mogo\u010de, merila, ki se uporabijo za dolo\u010ditev tega obdobja;<\/p>\n<p>(e) kadar osebni podatki niso zbrani od vas vse razpolo\u017eljive informacije v zvezi z njihovim virom.<\/p>\n<p>&nbsp;<\/p>\n<ul>\n<li>Popravek svojih osebnih podatkov s posredovanjem pisne zahteve na naslov\u00a0<a href=\"mailto:info@mizarstvoornik.si\">info@mizarstvoornik.si<\/a>.<\/li>\n<\/ul>\n<p>Kot naro\u010dnik storitev oz. izdelkov imate pravico da preverite ali obdelujemo osebne podatke o vas in do dostopa o osebnih podatkih, ki jih o vas hranimo oz. obdelujemo (v tem primeru vam jih bomo posredovali v obliki PDF dokumenta, ki je strojno berljiv). Vedno lahko zahtevate, da se neto\u010dni osebni podatki o vas popravijo. V kolikor menite, da ne obstaja ve\u010d upravi\u010den razlog za nadaljnjo uporabo oz. obdelavo va\u0161ih osebnih podatkov nam to sporo\u010dite, vendar dolo\u010denih osebnih podatkov, ki jih zbiramo na podlagi Zakona o davku na dodano vrednost ne smemo zbrisati. Imate tudi pravico, da omejite uporabo va\u0161ih osebnih podatkov v primerih, ko oporekate to\u010dnosti osebnih podatkov, ko ocenite, da je obdelava nezakonita vendar ne \u017eelite izbrisa in ko osebni podatki niso ve\u010d potrebni za namen obdelave potrebujete pa jih za uveljavitev pravnih zahtevkov.<\/p>\n<ul>\n<li>Trajen izbris osebnih podatkov, ki jih Ponudnik hrani ali obdeluje, s posredovanjem pisne zahteve na naslov\u00a0<a href=\"mailto:info@mizarstvoornik.si\">info@mizarstvoornik.si<\/a>.<\/li>\n<\/ul>\n<p>Pravica do izbrisa: Pravico imate dose\u010di, da va\u0161e osebne podatke izbri\u0161emo, kadar velja eden od naslednjih razlogov:<\/p>\n<p>(a) osebni podatki niso ve\u010d potrebni v namene, za katere so bili zbrani ali kako druga\u010de obdelani;<\/p>\n<p>(b) kadar prekli\u010dete privolitev, na podlagi katere poteka obdelava in kadar za obdelavo ne obstaja nobena druga pravna podlaga;<\/p>\n<p>(c) kadar obdelavi ugovarjate, za njihovo obdelavo pa ne obstajajo nobeni prevladujo\u010di zakoniti razlogi;<\/p>\n<p>(d) osebni podatki so bili obdelani nezakonito<\/p>\n<ul>\n<li>Izvoz in vpogled do osebnih podatkov, ki jih Ponudnik hrani ali obdeluje, s posredovanjem pisne zahteve na naslov\u00a0<a href=\"mailto:info@mizarstvoornik.si\">info@mizarstvoornik.si<\/a>.<\/li>\n<\/ul>\n<p>O va\u0161i zahtevi vam bo odgovorna oseba Ponudnika:\u00a0<strong>Ornik Mirjana<\/strong>\u00a0 odgovorila v predpisanem roku 1 meseca. V primeru zapletenosti in ve\u010djega \u0161tevila zahtev lahko rok podalj\u0161amo za najve\u010d dva dodatna meseca, o \u010demer boste obve\u0161\u010deni.<\/p>\n<p>&nbsp;<\/p>\n<table>\n<tbody>\n<tr>\n<td width=\"642\"><strong>Izjava o varovanju zaupnosti osebnih podatkov in zasebnosti uporabnikov<\/strong><\/td>\n<\/tr>\n<\/tbody>\n<\/table>\n<p>Ponudnik je v skladu s predpisi, ki urejajo varstvo osebnih podatkov, zavezan k varovanju osebnih podatkov uporabnikov njegovih\u00a0spletnih strani. Ponudnik ne bo pod nobenim pogojem brez izrecnega dovoljenja uporabnika posredoval osebnih oz. drugih podatkov uporabnika tretji osebi oz. ne bo omogo\u010dil tretji osebi, da vpogleda v osebne oz. druge podatke uporabnika, razen:<\/p>\n<ul>\n<li>pogodbenim obdelovalcem, ki za upravljavca izvajajo podporo za obdelavo osebnih podatkov za posamezne namene, za katere je bila podana privolitev,<\/li>\n<li>\u010de bi to od njega zahtevale dr\u017eavne oblasti,<\/li>\n<li>\u010de je taka obveznost dolo\u010dena v zakonu,<\/li>\n<li>ali v dobri veri, da je tako ukrepanje potrebno za postopke pred sodi\u0161\u010di ali drugimi dr\u017eavnimi organi ter za za\u0161\u010dito in uresni\u010devanje zakonitih interesov Ponudnika.<\/li>\n<\/ul>\n<p>Vsi osebni in drugi podatki, ki jih bo uporabnik posredoval ob prijavi v spletne strani, kot tudi ob morebitnem naro\u010dilu nakupa izdelkov, vklju\u010dno z vsebino naro\u010dil, bodo varovani v skladu s predpisi, ki urejajo varstvo osebnih podatkov. Ponudnik teh podatkov ne bo uporabil v namen, ki bi kakorkoli \u0161kodoval uporabniku ali drugi vpleteni osebi, razen v namene, ki jih uporabnik\u00a0 predhodno dovoli. Ponudnik podatkov uporabnikov ne bo uporabil za po\u0161iljanje promocijske e-po\u0161te ali drugega neza\u017eelenega promocijskega materiala. Zaupnost osebnih in drugih podatkov uporabnikov ne bo kr\u0161ena v nobeni obliki.<\/p>\n<p>Dostavni slu\u017ebi (npr. Po\u0161ta Slovenije, DHL, UPS, GLS, DPD ipd.) bo Ponudnik zaupal le potrebne podatke za dostavo naro\u010denih izdelkov (podatki o prejemniku in naslov za dostavo). Prek elektronske po\u0161te bo Ponudnik stopil v stik z uporabnikom, \u010de bo to potrebno za izvedbo naro\u010dila, prek kontaktne telefonske \u0161tevilke pa le, \u010de bo potrebno in bo pri\u0161lo do te\u017eav.<\/p>\n<p>&nbsp;<\/p>\n<table>\n<tbody>\n<tr>\n<td width=\"642\"><strong>Izvajanje politike zasebnosti<\/strong><\/td>\n<\/tr>\n<\/tbody>\n<\/table>\n<p>Vse zaposlene ali honorarne osebe pri Ponudniku, ki imajo dostop do osebnih in drugih podatkov uporabnikov, so seznanjene z dol\u017enostjo varovanja osebnih in drugih podatkov in so dol\u017ene upo\u0161tevati ta dolo\u010dila o varovanju zaupnosti osebnih podatkov in zasebnosti uporabnikov spletne strani. Dol\u017enost varovanja osebnih in drugih podatkov velja \u010dasovno neomejeno, tudi po prenehanju razmerja s Ponudnikom.<\/p>\n<p>&nbsp;<\/p>\n<table>\n<tbody>\n<tr>\n<td width=\"642\"><strong>Kontakt<\/strong><\/td>\n<\/tr>\n<\/tbody>\n<\/table>\n<p>Ob postavitvi vpra\u0161anja o pravilniku o zasebnosti ali o podatkih, ki jih o vas hranimo smo vam na voljo na e-po\u0161tni naslov: <a href=\"mailto:info@mizarstvoornik.si\">info@mizarstvoornik.si<\/a><\/p>\n<p>&nbsp;<\/p>\n<p>Le\u0161ane, dne: 04.05.2021<\/p>\n<p>Mirjana Ornik, prokurist<\/p>\n","protected":false},"excerpt":{"rendered":"<p>POLITIKA VAROVANJA OSEBNIH PODATKOV &nbsp; 1. SPLO\u0160NO Mizarstvo Ornik, izdelava in dobava biolesnih izdelkov d.o.o., Le\u0161ane 3, 9253 Apa\u010de (v nadaljevanju: Ponudnik) se zavezuje, da bo varoval zaupnost osebnih podatkov in zasebnost uporabnikov spletnih strani. Vse posredovane osebne podatke bo Ponudnik uporabljal izklju\u010dno za opravljanje storitev, ki jih ponuja. Ponudnik zelo spo\u0161tuje zaupnost podanih osebnih [&hellip;]<\/p>\n","protected":false},"author":1,"featured_media":0,"parent":0,"menu_order":0,"comment_status":"closed","ping_status":"open","template":"","meta":{"_monsterinsights_skip_tracking":false,"_monsterinsights_sitenote_active":false,"_monsterinsights_sitenote_note":"","_monsterinsights_sitenote_category":0,"footnotes":""},"class_list":["post-4908","page","type-page","status-publish","hentry"],"_links":{"self":[{"href":"https:\/\/www.mizarstvoornik.si\/de\/wp-json\/wp\/v2\/pages\/4908","targetHints":{"allow":["GET"]}}],"collection":[{"href":"https:\/\/www.mizarstvoornik.si\/de\/wp-json\/wp\/v2\/pages"}],"about":[{"href":"https:\/\/www.mizarstvoornik.si\/de\/wp-json\/wp\/v2\/types\/page"}],"author":[{"embeddable":true,"href":"https:\/\/www.mizarstvoornik.si\/de\/wp-json\/wp\/v2\/users\/1"}],"replies":[{"embeddable":true,"href":"https:\/\/www.mizarstvoornik.si\/de\/wp-json\/wp\/v2\/comments?post=4908"}],"version-history":[{"count":1,"href":"https:\/\/www.mizarstvoornik.si\/de\/wp-json\/wp\/v2\/pages\/4908\/revisions"}],"predecessor-version":[{"id":4909,"href":"https:\/\/www.mizarstvoornik.si\/de\/wp-json\/wp\/v2\/pages\/4908\/revisions\/4909"}],"wp:attachment":[{"href":"https:\/\/www.mizarstvoornik.si\/de\/wp-json\/wp\/v2\/media?parent=4908"}],"curies":[{"name":"wp","href":"https:\/\/api.w.org\/{rel}","templated":true}]}}