{"id":4906,"date":"2024-03-04T12:11:10","date_gmt":"2024-03-04T11:11:10","guid":{"rendered":"https:\/\/www.mizarstvoornik.si\/splosni-pogoji-poslovanja\/"},"modified":"2024-04-14T22:45:05","modified_gmt":"2024-04-14T20:45:05","slug":"allgemein-geschaeftsbedingungen","status":"publish","type":"page","link":"https:\/\/www.mizarstvoornik.si\/de\/allgemein-geschaeftsbedingungen\/","title":{"rendered":"AGB"},"content":{"rendered":"\r\n<table>\r\n<tbody>\r\n<tr>\r\n<td width=\"642\"><strong>SPLO\u0160NI POGOJI POSLOVANJA IN UPORABE SPLETNE STRANI<\/strong><\/td>\r\n<\/tr>\r\n<\/tbody>\r\n<\/table>\r\n<p><strong>\u00a0<\/strong><strong>V vednost:\u00a0<\/strong>Uporabnik se ob uporabi spletne strani zave\u017ee, da se strinja z vsemi dolo\u010dili v spodaj navedenih splo\u0161nih pogojih uporabe vsebin spletne strani\u00a0\u00a0<a href=\"https:\/\/www.mizarstvoornik.si\/de\/\">www.mizarstvoornik.si<\/a>.<\/p>\r\n<p>Z obiskom spletne strani se uporabnik strinja s splo\u0161nimi pogoji poslovanja. V kolikor se s splo\u0161nimi pogoji ne strinja, uporaba spletne strani ni mogo\u010da.<\/p>\r\n<p>&nbsp;<\/p>\r\n<table>\r\n<tbody>\r\n<tr>\r\n<td width=\"642\"><strong>1. SPLO\u0160NA DOLO\u010cILA POSLOVANJA<\/strong><\/td>\r\n<\/tr>\r\n<\/tbody>\r\n<\/table>\r\n<p>Splo\u0161ni pogoji uporabe strani mizarstvoornik.com se nana\u0161ajo na pogoje uporabe vsebin in slikovnega gradiva na spletni strani. Pravno veljaven in zavezujo\u010d dogovor med Mizarstvom Ornik, izdelava in monta\u017ea biolesnih izdelkov d.o.o., Le\u0161ane 3, 9253 Apa\u010de in vsako osebo, ki obi\u0161\u010de ali uporablja spletno stran ( v nadaljevanju: uporabnik).<\/p>\r\n<p>Ponudnik si pridr\u017euje pravico do spremembe ali izbrisa delov spletne strani brez predhodnega obvestila. Ponudnik se zave\u017ee, da se uporabniku zagotovi dostop do novih vsebin z stalno posodobitvijo spletne strani. Uporabnik je seznanjen in se strinja, da se spletna stran lahko ob\u010dasno spreminja brez predhodnega obvestila uporabnikom.<\/p>\r\n<p>&nbsp;<\/p>\r\n<table>\r\n<tbody>\r\n<tr>\r\n<td width=\"642\"><strong>2. NARO\u010cILA<\/strong><\/td>\r\n<\/tr>\r\n<\/tbody>\r\n<\/table>\r\n<p>Kupec lahko preko telefona, e-maila ali facebooka po\u0161lje ponudniku povpra\u0161evanje, ki ga ne\u00a0 zavezuje k nakupu. Iz njegovega sporo\u010dila mora biti jasno razvidno ali \u017eeli po prejemu ponudbe izdelek dejansko naro\u010dit in ga mora tudi v pisni obliki posredovati ponudniku.<\/p>\r\n<p>\u010ce iz sporo\u010dila ni jasno razvidno ali gre za povpra\u0161evanje ali za naro\u010dilo mora ponudnik to preverit.<\/p>\r\n<p>Preden kupca oddano naro\u010dilo zavezuje z prvim vzpostavljenim stikom, poslanim sporo\u010dilom s strani ponudnika morajo kupcu biti posredovani splo\u0161ni pogoji poslovanja.<\/p>\r\n<p>Ko kupec naro\u010dilo potrdi in odda, se \u0161teje da je prebral splo\u0161ne pogoje in da se z njimi strinja.<\/p>\r\n<p>Kupec oz. naro\u010dnik po oddaji naro\u010dila na svoj email naslov prejme elektronsko sporo\u010dilo z potrditvijo in povzetkom naro\u010dila. Hkrati pa prejme tudi predra\u010dun ali avansni ra\u010dun za naro\u010den izdelek.<\/p>\r\n<p>&nbsp;<\/p>\r\n<table>\r\n<tbody>\r\n<tr>\r\n<td width=\"642\"><strong>3. DOSTOP DO SPLETNE STRANI<\/strong><\/td>\r\n<\/tr>\r\n<\/tbody>\r\n<\/table>\r\n<p>Spletna stran je dostopne 24 ur na dan. Ponudnik si pridr\u017euje pravico do kraj\u0161ih prekinitev dostopa, \u00a0do spletnih strani zaradi tehni\u010dnih razlogov. Ponudnik si prav tako pridr\u017euje pravico do dalj\u0161ih prekinitev dostopa do spletnih strani v primerih povezanih z vzdr\u017eevalnimi deli. Ponudnik ne jam\u010di dostopa do spletnih strani v primerih izpadov v omre\u017ejih ponudnikov internetne povezave ali kakr\u0161nih koli izpadih, napakah in \/ ali drugih tehni\u010dnih motnjah ali prekinitvah.<\/p>\r\n<p>&nbsp;<\/p>\r\n<table>\r\n<tbody>\r\n<tr>\r\n<td width=\"642\"><strong>4. OMEJITVE DOSTOPA DO SPLETNE STRANI<\/strong><\/td>\r\n<\/tr>\r\n<\/tbody>\r\n<\/table>\r\n<p>Ponudnik si pridr\u017euje pravico, da ob sumu zlorab, navedenih v 7. to\u010dki teh pogojev uporabe, omeji ali prekine dostop do vsebin spletnih strani za posamezni IP naslov uporabnika.<\/p>\r\n<p>&nbsp;<\/p>\r\n<table>\r\n<tbody>\r\n<tr>\r\n<td width=\"642\"><strong>5. STAROSTNE OMEJITVE IN ODGOVORNOSTI<\/strong><\/td>\r\n<\/tr>\r\n<\/tbody>\r\n<\/table>\r\n<p>Uporaba spletnih strani je namenjena uporabnikovi lastni uporabi in ni omejena z starostjo. Prijava drugih oseb ali izpolnjevanja obrazca za druge osebe ni dovoljena, kar uporabnik jam\u010di s polno od\u0161kodninsko odgovornostjo.<\/p>\r\n<p>&nbsp;<\/p>\r\n<p>&nbsp;<\/p>\r\n<table>\r\n<tbody>\r\n<tr>\r\n<td width=\"642\"><strong>6. VAROVANJE OSEBNIH PODATKOV IN PI\u0160KOTKI<\/strong><\/td>\r\n<\/tr>\r\n<\/tbody>\r\n<\/table>\r\n<p>Sestavni del teh splo\u0161nih pogojev poslovanja je tudi politika varovanja osebnih podatkov in politika spletnih pi\u0161kotkov.<\/p>\r\n<p>Dokumenta sta dosegljiva na naslednjih povezavah:<\/p>\r\n<ul>\r\n<li>Politika varovanja osebnih podatkov<\/li>\r\n<li>Politika spletnih pi\u0161kotkov<\/li>\r\n<\/ul>\r\n<p>&nbsp;<\/p>\r\n<table>\r\n<tbody>\r\n<tr>\r\n<td width=\"642\"><strong>7. ZAVRNITEV ODGOVORNOSTI<\/strong><\/td>\r\n<\/tr>\r\n<\/tbody>\r\n<\/table>\r\n<p>Uporabnik se zaveda, da:<\/p>\r\n<ul>\r\n<li>Spletne tehnologije za prenos in dostop do vsebin na spletnih straneh niso v vsakem trenutku 100% zanesljive. Ob morebitnih izpadih delovanja sistemov tretjih strani, ki so potrebni za dostop do spletnih strani (ponudniki internetne povezave, ponudniki elektri\u010dne energije,\u2026), ponudnik ne prevzema odgovornosti.<\/li>\r\n<li>Ponudnik ni odgovoren za nepravilno delovanje storitev, ki so posledica nepravilne uporabe ali neznanja uporabnika pri uporabi storitev.<\/li>\r\n<li>Za uporabo storitev uporabnik potrebuje ustrezno programsko in strojno opremo (ra\u010dunalnik, spletni brskalnik, dostop do interneta).<\/li>\r\n<li>Ponudnik tehni\u010dno ne more zagotoviti delovanja storitev v primeru izpada omre\u017eja pogodbenih partnerjev, izpada elektri\u010dne energije ali drugih tehni\u010dnih motenj, ki bi za\u010dasno motile delovanje storitev.<\/li>\r\n<li>Vse informacije, gradiva in druge vsebine na spletnih straneh so informativne narave. Ponudnik po najbolj\u0161ih mo\u010deh posku\u0161a zagotavljati \u010dim bolj\u0161o predstavitev in delovanje spletnih strani ter a\u017eurnost, popolnost in pravilnost podatkov, ki so predstavljeni na spletnih straneh. Kljub temu ne prevzema nikakr\u0161ne odgovornosti o njihovi pravilnosti, a\u017eurnosti in popolnosti.<\/li>\r\n<li>Brez predhodnega dovoljenja ponudnika se ne sme: kopirati, tiskati ali shranjevati objavljenih slik na spletnih straneh. Prav tako je brez predhodnega dovoljenja ponudnika izrecno prepovedana uporaba grafi\u010dnih elementov in znamk.\u00a0<\/li>\r\n<\/ul>\r\n<p>&nbsp;<\/p>\r\n<table>\r\n<tbody>\r\n<tr>\r\n<td width=\"642\"><strong>8. ZAVEZA UPORABNIKA<\/strong><\/td>\r\n<\/tr>\r\n<\/tbody>\r\n<\/table>\r\n<ul>\r\n<li>da ne bo vsebin, objavljenih na spletnih straneh, uporabljal v komercialne, nelegalne ali katere koli druge namene, razen tistih, ki so dolo\u010deni v teh pogojih uporabe.<\/li>\r\n<li>da ne bo distribuiral avtorsko za\u0161\u010ditenih vsebin ali vsebin, ki se nahajajo na spletnih straneh.<\/li>\r\n<li>da ne bo posku\u0161al pridobiti, zbirati in shranjevat osebnih podatkov drugih uporabnikov spletnih strani.<\/li>\r\n<li>da ne bo na noben na\u010din kopiral, shranjeval ali posredoval celotne ali delov vsebin spletnih strani.<\/li>\r\n<li>da ne bo uporabljal ra\u010dunalni\u0161kih kod, zlonamernih programov ali \u010desar koli, kar bi lahko motilo, onesposobilo ali \u0161kodovalo spletnim stranem ali ponudniku in njegovi programski ter strojni opremi.<\/li>\r\n<\/ul>\r\n<p>&nbsp;<\/p>\r\n<table>\r\n<tbody>\r\n<tr>\r\n<td width=\"642\"><strong>9. REKLAMACIJE<\/strong><\/td>\r\n<\/tr>\r\n<\/tbody>\r\n<\/table>\r\n<p>V primeru te\u017eav z spletno stranjo ali vpra\u0161anj lahko po\u0161ljete elektronsko sporo\u010dilo na :\u00a0<a href=\"mailto:info@mizarstvoornik.si\">info@mizarstvoornik.si<\/a><\/p>\r\n<p>&nbsp;<\/p>\r\n<table>\r\n<tbody>\r\n<tr>\r\n<td width=\"642\"><strong>10. KR\u0160ENJE POGOJEV UPORABE<\/strong><\/td>\r\n<\/tr>\r\n<\/tbody>\r\n<\/table>\r\n<p>Uporabnik, ki kr\u0161i pogoje uporabe ali splo\u0161ne pogoje poslovanja, ponudnik ima pravico da mu onemogo\u010di dostop do spletne strani. \u010ce uporabnik s svojim ravnanjem povzro\u010di ponudniku kakr\u0161no koli \u0161kodo, zanjo v celoti moralno, materialno ter kazensko odgovarja. Morebitne kr\u0161itve pogojev poslovanja ali splo\u0161nih pogojev poslovanja s strani drugih uporabnikov, lahko sporo\u010dite na e-po\u0161tni naslov:\u00a0<a href=\"mailto:info@mizarstvoornik.si\">info@mizarstvoornik.si<\/a><\/p>\r\n<p>&nbsp;<\/p>\r\n<table>\r\n<tbody>\r\n<tr>\r\n<td width=\"642\"><strong>11. SPREMEMBE IN DOPOLNITVE SPLO\u0160NIH POGOJEV UPORABE<\/strong><\/td>\r\n<\/tr>\r\n<\/tbody>\r\n<\/table>\r\n<p>Ponudnik lahko v primeru sprememb predpisov, ki urejajo poslovanje spletnih strani, varstvo podatkov ter druga podro\u010dja, ki so povezana s poslovanjem spletne strani ponudnika in v primeru sprememb lastne poslovne politike spreminja ali dopolnjuje te pogoje uporabe, o \u010demer bo vsaki\u010d seznanil uporabnike na primeren na\u010din, kamor \u0161teje zlasti obve\u0161\u010danje prek spletne strani\u00a0<a href=\"https:\/\/www.mizarstvoornik.si\/de\/\">www.mizarstvoornik.si<\/a>\u00a0ali preko elektronske po\u0161te, posebej \u010de se spremembe nana\u0161ajo na spremembo politike varovanja osebnih podatkov.\u00a0Vsakokratne spremembe ali dopolnitve pogojev uporabe za\u010dnejo veljati in se uporabljati z iztekom osemdnevnega roka od objave sprememb ali dopolnitev. \u010ce je sprememba ali dopolnitev Splo\u0161nih pogojev poslovanja nujna zaradi uskladitve s predpisi, lahko izjemoma te spremembe ali dopolnitve stopijo v veljavo in uporabo v kraj\u0161em \u010dasu.<\/p>\r\n<p>&nbsp;<\/p>\r\n<table>\r\n<tbody>\r\n<tr>\r\n<td width=\"642\"><strong>12. PRITO\u017dBENI POSTOPEK IN RE\u0160EVANJE SPOROV<\/strong><\/td>\r\n<\/tr>\r\n<\/tbody>\r\n<\/table>\r\n<p>Pogodbeni stranki se zave\u017eeta vse spore re\u0161evati na miren na\u010din, v primeru iz\u010drpanja vseh izvensodnih poti za dosego sporazuma, pa je za re\u0161evanje spora pristojno krajevno pristojno sodi\u0161\u010de v Republiki Sloveniji glede na sede\u017e prodajalca.<\/p>\r\n<p>Ponudnik ne priznava nikakr\u0161nega\u00a0izvajalca izvensodnega re\u0161evanja potro\u0161ni\u0161kih sporov kot pristojnega za re\u0161evanje potro\u0161ni\u0161kega spora, ki bi ga potro\u0161nik lahko spro\u017eil v skladu z Zakonom o izvensodnem re\u0161evanju potro\u0161ni\u0161kih sporov. Skladno z zakonskimi normativi Ponudnik objavlja spletno povezavo do platforme za spletno re\u0161evanje potro\u0161ni\u0161kih sporov. Platforma je na voljo tukaj:\u00a0<a href=\"https:\/\/webgate.ec.europa.eu\/odr\/main\/index.cfm?event=main.home.show&amp;lng=SL,\" target=\"_blank\" rel=\"noopener\">https:\/\/webgate.ec.europa.eu\/odr\/main\/index.cfm?event=main.home.show&amp;lng=SL<\/a>.\u00a0<\/p>\r\n<p>Navedena ureditev izhaja iz Zakona o izvensodnem re\u0161evanju potro\u0161ni\u0161kih sporov\u00a0<em>(Uradni list RS, \u0161t. 81\/15)<\/em>, Uredbe (EU) \u0161t. 524\/2013 Evropskega parlamenta in Sveta o spletnem re\u0161evanju potro\u0161ni\u0161kih sporov ter sprememb Uredbe (ES) \u0161t. 2016\/2004 in Direktive 2009\/22\/ES.<\/p>\r\n<p>&nbsp;<\/p>\r\n<p>Kraj in datum: Le\u0161ane, dne 04.05.2021<\/p>\r\n<p>Splo\u0161ne pogoje poslovanja je sprejel:<\/p>\r\n<p>Mizarstvo Ornik d.o.o<\/p>\r\n<p>David Ornik, direktor<\/p>\r\n","protected":false},"excerpt":{"rendered":"<p>SPLO\u0160NI POGOJI POSLOVANJA IN UPORABE SPLETNE STRANI \u00a0V vednost:\u00a0Uporabnik se ob uporabi spletne strani zave\u017ee, da se strinja z vsemi dolo\u010dili v spodaj navedenih splo\u0161nih pogojih uporabe vsebin spletne strani\u00a0\u00a0www.mizarstvoornik.si. Z obiskom spletne strani se uporabnik strinja s splo\u0161nimi pogoji poslovanja. V kolikor se s splo\u0161nimi pogoji ne strinja, uporaba spletne strani ni mogo\u010da. &nbsp; [&hellip;]<\/p>\n","protected":false},"author":1,"featured_media":0,"parent":0,"menu_order":0,"comment_status":"closed","ping_status":"open","template":"","meta":{"_monsterinsights_skip_tracking":false,"_monsterinsights_sitenote_active":false,"_monsterinsights_sitenote_note":"","_monsterinsights_sitenote_category":0,"footnotes":""},"class_list":["post-4906","page","type-page","status-publish","hentry"],"_links":{"self":[{"href":"https:\/\/www.mizarstvoornik.si\/de\/wp-json\/wp\/v2\/pages\/4906","targetHints":{"allow":["GET"]}}],"collection":[{"href":"https:\/\/www.mizarstvoornik.si\/de\/wp-json\/wp\/v2\/pages"}],"about":[{"href":"https:\/\/www.mizarstvoornik.si\/de\/wp-json\/wp\/v2\/types\/page"}],"author":[{"embeddable":true,"href":"https:\/\/www.mizarstvoornik.si\/de\/wp-json\/wp\/v2\/users\/1"}],"replies":[{"embeddable":true,"href":"https:\/\/www.mizarstvoornik.si\/de\/wp-json\/wp\/v2\/comments?post=4906"}],"version-history":[{"count":1,"href":"https:\/\/www.mizarstvoornik.si\/de\/wp-json\/wp\/v2\/pages\/4906\/revisions"}],"predecessor-version":[{"id":4907,"href":"https:\/\/www.mizarstvoornik.si\/de\/wp-json\/wp\/v2\/pages\/4906\/revisions\/4907"}],"wp:attachment":[{"href":"https:\/\/www.mizarstvoornik.si\/de\/wp-json\/wp\/v2\/media?parent=4906"}],"curies":[{"name":"wp","href":"https:\/\/api.w.org\/{rel}","templated":true}]}}