{"id":4839,"date":"2024-03-13T23:34:27","date_gmt":"2024-03-13T22:34:27","guid":{"rendered":"https:\/\/www.mizarstvoornik.si\/dienstleistungen\/sakralni-objekti\/"},"modified":"2024-04-14T21:42:00","modified_gmt":"2024-04-14T19:42:00","slug":"kirchengebaeude","status":"publish","type":"page","link":"https:\/\/www.mizarstvoornik.si\/de\/dienstleistungen\/kirchengebaeude\/","title":{"rendered":"Kirchengeb\u00e4ude"},"content":{"rendered":"<div class=\"wpb-content-wrapper\"><p>[vc_row][vc_column]<div class='wd_empty_space' data-heightmobile='' data-heighttablet='' data-heightdesktop=''><\/div>  <div class=\"wd-heading s-under-t text-left text-left\"\r\n       style=\"; \">\r\n\t\t\r\n\t\t\t\r\n      <h3 style=\"font-weight:400;color:#111111;\" data-text=\"\u00c4sthetik und Eleganz - Verbunden in einzigartigen M\u00f6beln f\u00fcr sakrale R\u00e4ume\">\r\n\t\t\t\u00c4sthetik und Eleganz - Verbunden in einzigartigen M\u00f6beln f\u00fcr sakrale R\u00e4ume      <\/h3>\r\n\r\n\t\t\t\t\t\t\t\t\t\r\n\t\t    <\/div>\r\n\t\t<div class='wd_empty_space' data-heightmobile='' data-heighttablet='' data-heightdesktop=''><\/div>[vc_column_text]<\/p>\n<div class=\"default-text-block\">\n<p>Entdecken Sie unser Angebot an ma\u00dfgefertigten M\u00f6beln, das speziell f\u00fcr sakrale R\u00e4ume konzipiert ist. Mit Respekt vor religi\u00f6sen Traditionen und \u00e4sthetischem Feingef\u00fchl schaffen wir einzigartige M\u00f6belst\u00fccke, die die spirituelle Atmosph\u00e4re Ihrer Kirchen, Kapellen und anderen religi\u00f6sen R\u00e4ume erg\u00e4nzen und bereichern.<\/p>\n<\/div>\n<p>[\/vc_column_text]\r\n\r\n<div class=\"wd_empty_space\" data-heightmobile=\"10\" data-heighttablet=\"20\" data-heightdesktop=\"25px\">\r\n\r\n<\/div>\r\n      \r\n\r\n\r\n\r\n        \r\n      \r\n    [\/vc_column][\/vc_row][vc_row][vc_column width=&#8220;1\/2&#8243;][vc_single_image image=&#8220;4245&#8243; img_size=&#8220;full&#8220;]\r\n\r\n<div class=\"wd_empty_space\" data-heightmobile=\"10\" data-heighttablet=\"20\" data-heightdesktop=\"25px\">\r\n\r\n<\/div>\r\n      \r\n\r\n\r\n\r\n        \r\n      \r\n    [vc_column_text]<\/p>\n<div class=\"default-text-block\">\n<blockquote><p><em>Eleganz in einzigartigen M\u00f6beln f\u00fcr Kirchen, Kapellen und andere sakrale R\u00e4ume.<\/em><\/p><\/blockquote>\n<\/div>\n<p>[\/vc_column_text][\/vc_column][vc_column width=&#8220;1\/2&#8243; css=&#8220;.vc_custom_1463411390237{padding-left: 30px !important;}&#8220;][vc_column_text]Unser Angebot an M\u00f6beln f\u00fcr sakrale R\u00e4ume umfasst verschiedene Elemente wie Alt\u00e4re, B\u00e4nke, Ikonen, Kanzeln und andere religi\u00f6se Artikel, die ma\u00dfgefertigt und auf die spezifischen Bed\u00fcrfnisse und \u00e4sthetischen Vorstellungen Ihrer Kirche, Kapelle oder eines anderen religi\u00f6sen Raums zugeschnitten sind. Jedes M\u00f6belst\u00fcck wird aus hochwertigen Materialien mit au\u00dfergew\u00f6hnlicher Pr\u00e4zision gefertigt, was Langlebigkeit, \u00e4sthetische Anziehungskraft und Ehrfurcht vor religi\u00f6ser Tradition gew\u00e4hrleistet.<\/p>\n<p>Unsere M\u00f6bel f\u00fcr sakrale R\u00e4ume sind so konzipiert, dass sie eine Umgebung schaffen, die inneren Frieden, Hingabe und spirituelle Verbundenheit f\u00f6rdert. Ob es sich um die Renovierung eines bestehenden Raums oder den Bau einer neuen sakralen Struktur handelt, wir unterst\u00fctzen Sie bei der Gestaltung eines Raums, der Frieden, Sch\u00f6nheit und Heiligkeit ausstrahlt.<\/p>\n<p>Mit uns k\u00f6nnen Sie einen sakralen Raum schaffen, der Ihre Gl\u00e4ubigen und Besucher inspiriert und ihnen ein spirituelles Erlebnis bietet, das einen bleibenden Eindruck hinterl\u00e4sst. Kontaktieren Sie uns und vertrauen Sie uns Ihre Visionen des perfekten sakralen Raums an &#8211; wir helfen Ihnen gerne, sie zu verwirklichen.[\/vc_column_text][\/vc_column][\/vc_row][vc_row][vc_column]\r\n\r\n<div class=\"wd_empty_space\" data-heightmobile=\"10\" data-heighttablet=\"20\" data-heightdesktop=\"25px\">\r\n\r\n<\/div>\r\n      \r\n\r\n\r\n\r\n        \r\n      \r\n    <div class='wd_empty_space' data-heightmobile='' data-heighttablet='' data-heightdesktop=''><\/div>  <div class=\"wd-heading s-under-t text-left text-left\"\r\n       style=\"; \">\r\n\t\t\r\n\t\t\t\r\n      <h3 style=\"font-weight:400;color:#111111;\" data-text=\"Fotogalerie unserer Projekte\">\r\n\t\t\tFotogalerie unserer Projekte      <\/h3>\r\n\r\n\t\t\t\t\t\t\t\t\t\r\n\t\t    <\/div>\r\n\t\t<div class='wd_empty_space' data-heightmobile='' data-heighttablet='' data-heightdesktop=''><\/div>\r\n\r\n<div class=\"wd_empty_space\" data-heightmobile=\"10\" data-heighttablet=\"20\" data-heightdesktop=\"25px\">\r\n\r\n<\/div>\r\n      \r\n\r\n\r\n\r\n        \r\n      \r\n    [vc_row_inner][vc_column_inner][vc_masonry_media_grid grid_id=&#8220;vc_gid:1713123652312-447d8310-26ed-2&#8243; include=&#8220;4245,3881&#8243;][\/vc_column_inner][\/vc_row_inner][\/vc_column][\/vc_row][vc_row][vc_column]\r\n\r\n<div class=\"wd_empty_space\" data-heightmobile=\"10\" data-heighttablet=\"20\" data-heightdesktop=\"25px\">\r\n\r\n<\/div>\r\n      \r\n\r\n\r\n\r\n        \r\n      \r\n    [\/vc_column][\/vc_row]<\/p>\n<\/div>","protected":false},"excerpt":{"rendered":"<p>[vc_row][vc_column][vc_column_text] Entdecken Sie unser Angebot an ma\u00dfgefertigten M\u00f6beln, das speziell f\u00fcr sakrale R\u00e4ume konzipiert ist. Mit Respekt vor religi\u00f6sen Traditionen und \u00e4sthetischem Feingef\u00fchl schaffen wir einzigartige M\u00f6belst\u00fccke, die die spirituelle Atmosph\u00e4re Ihrer Kirchen, Kapellen und anderen religi\u00f6sen R\u00e4ume erg\u00e4nzen und bereichern. [\/vc_column_text][\/vc_column][\/vc_row][vc_row][vc_column width=&#8220;1\/2&#8243;][vc_single_image image=&#8220;4245&#8243; img_size=&#8220;full&#8220;][vc_column_text] Eleganz in einzigartigen M\u00f6beln f\u00fcr Kirchen, Kapellen und andere sakrale [&hellip;]<\/p>\n","protected":false},"author":1,"featured_media":0,"parent":4813,"menu_order":0,"comment_status":"closed","ping_status":"closed","template":"","meta":{"_monsterinsights_skip_tracking":false,"_monsterinsights_sitenote_active":false,"_monsterinsights_sitenote_note":"","_monsterinsights_sitenote_category":0,"footnotes":""},"class_list":["post-4839","page","type-page","status-publish","hentry"],"_links":{"self":[{"href":"https:\/\/www.mizarstvoornik.si\/de\/wp-json\/wp\/v2\/pages\/4839","targetHints":{"allow":["GET"]}}],"collection":[{"href":"https:\/\/www.mizarstvoornik.si\/de\/wp-json\/wp\/v2\/pages"}],"about":[{"href":"https:\/\/www.mizarstvoornik.si\/de\/wp-json\/wp\/v2\/types\/page"}],"author":[{"embeddable":true,"href":"https:\/\/www.mizarstvoornik.si\/de\/wp-json\/wp\/v2\/users\/1"}],"replies":[{"embeddable":true,"href":"https:\/\/www.mizarstvoornik.si\/de\/wp-json\/wp\/v2\/comments?post=4839"}],"version-history":[{"count":3,"href":"https:\/\/www.mizarstvoornik.si\/de\/wp-json\/wp\/v2\/pages\/4839\/revisions"}],"predecessor-version":[{"id":4873,"href":"https:\/\/www.mizarstvoornik.si\/de\/wp-json\/wp\/v2\/pages\/4839\/revisions\/4873"}],"up":[{"embeddable":true,"href":"https:\/\/www.mizarstvoornik.si\/de\/wp-json\/wp\/v2\/pages\/4813"}],"wp:attachment":[{"href":"https:\/\/www.mizarstvoornik.si\/de\/wp-json\/wp\/v2\/media?parent=4839"}],"curies":[{"name":"wp","href":"https:\/\/api.w.org\/{rel}","templated":true}]}}