{"id":4838,"date":"2024-03-13T23:35:42","date_gmt":"2024-03-13T22:35:42","guid":{"rendered":"https:\/\/www.mizarstvoornik.si\/dienstleistungen\/poslovni-objekti-in-lokali\/"},"modified":"2024-04-14T21:30:44","modified_gmt":"2024-04-14T19:30:44","slug":"geschaeftseinrichtungen-und-restaurants","status":"publish","type":"page","link":"https:\/\/www.mizarstvoornik.si\/de\/dienstleistungen\/geschaeftseinrichtungen-und-restaurants\/","title":{"rendered":"Gesch\u00e4ftseinrichtungen und Restaurants"},"content":{"rendered":"<div class=\"wpb-content-wrapper\"><p>[vc_row][vc_column]<div class='wd_empty_space' data-heightmobile='' data-heighttablet='' data-heightdesktop=''><\/div>  <div class=\"wd-heading s-under-t text-left text-left\"\r\n       style=\"; \">\r\n\t\t\r\n\t\t\t\r\n      <h3 style=\"font-weight:400;color:#111111;\" data-text=\"Wir haben die L\u00f6sung f\u00fcr Ihre Gesch\u00e4ftsr\u00e4ume und Restaurants.\">\r\n\t\t\tWir haben die L\u00f6sung f\u00fcr Ihre Gesch\u00e4ftsr\u00e4ume und Restaurants.      <\/h3>\r\n\r\n\t\t\t\t\t\t\t\t\t\r\n\t\t    <\/div>\r\n\t\t<div class='wd_empty_space' data-heightmobile='' data-heighttablet='' data-heightdesktop=''><\/div>[vc_column_text]<\/p>\n<div class=\"default-text-block\">\n<p>Unser ma\u00dfgeschneiderter M\u00f6belservice ist auf die Bed\u00fcrfnisse von Gesch\u00e4ftsr\u00e4umen, Hotels, Restaurants und Gasth\u00e4usern zugeschnitten. Mit unserem Fachwissen und unserer Liebe zum Detail schaffen wir funktional und \u00e4sthetisch ansprechende M\u00f6bel, die Ihre Marke widerspiegeln und eine angenehme und gastfreundliche Umgebung f\u00fcr Ihre Kunden und Mitarbeiter schaffen. Unabh\u00e4ngig von Ihren Anforderungen und W\u00fcnschen helfen wir Ihnen, M\u00f6bel zu entwerfen, die perfekt zu Ihren Gesch\u00e4ftsr\u00e4umen passen und Ihre Erwartungen an \u00c4sthetik, Komfort und Langlebigkeit erf\u00fcllen.<\/p>\n<\/div>\n<p>[\/vc_column_text]\r\n\r\n<div class=\"wd_empty_space\" data-heightmobile=\"10\" data-heighttablet=\"20\" data-heightdesktop=\"25px\">\r\n\r\n<\/div>\r\n      \r\n\r\n\r\n\r\n        \r\n      \r\n    [\/vc_column][\/vc_row][vc_row][vc_column width=&#8220;1\/2&#8243;][vc_single_image image=&#8220;3886&#8243; img_size=&#8220;full&#8220;]\r\n\r\n<div class=\"wd_empty_space\" data-heightmobile=\"10\" data-heighttablet=\"20\" data-heightdesktop=\"25px\">\r\n\r\n<\/div>\r\n      \r\n\r\n\r\n\r\n        \r\n      \r\n    [vc_column_text]<\/p>\n<div class=\"default-text-block\">\n<blockquote><p><em>M\u00f6bel, die den Raum beleben und Kreativit\u00e4t inspirieren.<\/em><\/p><\/blockquote>\n<\/div>\n<p>[\/vc_column_text][\/vc_column][vc_column width=&#8220;1\/2&#8243; css=&#8220;.vc_custom_1463411390237{padding-left: 30px !important;}&#8220;][vc_column_text]Unser ma\u00dfgeschneiderter M\u00f6belservice f\u00fcr Gesch\u00e4ftsr\u00e4ume, Restaurants und Gasth\u00e4user wurde mit Schwerpunkt auf \u00c4sthetik, Funktionalit\u00e4t und Komfort entwickelt. Mit unserem Ansatz, der Fachkenntnis und Kreativit\u00e4t kombiniert, schaffen wir M\u00f6bel, die die Identit\u00e4t Ihres Unternehmens widerspiegeln und eine angenehme und gastfreundliche Umgebung f\u00fcr Ihre Kunden und Mitarbeiter bieten.<\/p>\n<p>Jedes M\u00f6belst\u00fcck wird ma\u00dfgeschneidert und mit sorgf\u00e4ltig ausgew\u00e4hlten Materialien und Pr\u00e4zision hergestellt, um Langlebigkeit, Qualit\u00e4t und \u00e4sthetische Wirkung zu gew\u00e4hrleisten. Unsere L\u00f6sungen werden an Ihre Bed\u00fcrfnisse und W\u00fcnsche angepasst und ber\u00fccksichtigen die spezifischen Anforderungen Ihrer Gesch\u00e4ftsr\u00e4ume.<\/p>\n<p>Ob es um die Ausstattung von B\u00fcrofl\u00e4chen, Restaurants, Caf\u00e9s oder anderen Gesch\u00e4ftsstandorten geht, wir helfen Ihnen dabei, einen Raum zu gestalten, der Ihre Kunden begeistert und eine angenehme Arbeitsumgebung f\u00fcr Ihre Mitarbeiter schafft. Mit unseren ma\u00dfgeschneiderten M\u00f6beln heben Sie sich von der Masse ab und schaffen eine einzigartige Erfahrung f\u00fcr Ihre Besucher.[\/vc_column_text][\/vc_column][\/vc_row][vc_row][vc_column]\r\n\r\n<div class=\"wd_empty_space\" data-heightmobile=\"10\" data-heighttablet=\"20\" data-heightdesktop=\"25px\">\r\n\r\n<\/div>\r\n      \r\n\r\n\r\n\r\n        \r\n      \r\n    <div class='wd_empty_space' data-heightmobile='' data-heighttablet='' data-heightdesktop=''><\/div>  <div class=\"wd-heading s-under-t text-left text-left\"\r\n       style=\"; \">\r\n\t\t\r\n\t\t\t\r\n      <h3 style=\"font-weight:400;color:#111111;\" data-text=\"Fotogalerie unserer Projekte\">\r\n\t\t\tFotogalerie unserer Projekte      <\/h3>\r\n\r\n\t\t\t\t\t\t\t\t\t\r\n\t\t    <\/div>\r\n\t\t<div class='wd_empty_space' data-heightmobile='' data-heighttablet='' data-heightdesktop=''><\/div>\r\n\r\n<div class=\"wd_empty_space\" data-heightmobile=\"10\" data-heighttablet=\"20\" data-heightdesktop=\"25px\">\r\n\r\n<\/div>\r\n      \r\n\r\n\r\n\r\n        \r\n      \r\n    [vc_row_inner][vc_column_inner][vc_masonry_media_grid grid_id=&#8220;vc_gid:1713122987296-a5f32420-e7a3-6&#8243; include=&#8220;4703,4701,4697,4695,4632,4628,4310,4092,4090,4088,4104,4016,4020,3991,3989,3987,3985,3983,3979,3977,3968,3966,3964,3962,3960&#8243;][\/vc_column_inner][\/vc_row_inner][\/vc_column][\/vc_row][vc_row][vc_column]\r\n\r\n<div class=\"wd_empty_space\" data-heightmobile=\"10\" data-heighttablet=\"20\" data-heightdesktop=\"25px\">\r\n\r\n<\/div>\r\n      \r\n\r\n\r\n\r\n        \r\n      \r\n    [\/vc_column][\/vc_row]<\/p>\n<\/div>","protected":false},"excerpt":{"rendered":"<p>[vc_row][vc_column][vc_column_text] Unser ma\u00dfgeschneiderter M\u00f6belservice ist auf die Bed\u00fcrfnisse von Gesch\u00e4ftsr\u00e4umen, Hotels, Restaurants und Gasth\u00e4usern zugeschnitten. Mit unserem Fachwissen und unserer Liebe zum Detail schaffen wir funktional und \u00e4sthetisch ansprechende M\u00f6bel, die Ihre Marke widerspiegeln und eine angenehme und gastfreundliche Umgebung f\u00fcr Ihre Kunden und Mitarbeiter schaffen. Unabh\u00e4ngig von Ihren Anforderungen und W\u00fcnschen helfen wir Ihnen, [&hellip;]<\/p>\n","protected":false},"author":1,"featured_media":0,"parent":4813,"menu_order":0,"comment_status":"closed","ping_status":"closed","template":"","meta":{"_monsterinsights_skip_tracking":false,"_monsterinsights_sitenote_active":false,"_monsterinsights_sitenote_note":"","_monsterinsights_sitenote_category":0,"footnotes":""},"class_list":["post-4838","page","type-page","status-publish","hentry"],"_links":{"self":[{"href":"https:\/\/www.mizarstvoornik.si\/de\/wp-json\/wp\/v2\/pages\/4838","targetHints":{"allow":["GET"]}}],"collection":[{"href":"https:\/\/www.mizarstvoornik.si\/de\/wp-json\/wp\/v2\/pages"}],"about":[{"href":"https:\/\/www.mizarstvoornik.si\/de\/wp-json\/wp\/v2\/types\/page"}],"author":[{"embeddable":true,"href":"https:\/\/www.mizarstvoornik.si\/de\/wp-json\/wp\/v2\/users\/1"}],"replies":[{"embeddable":true,"href":"https:\/\/www.mizarstvoornik.si\/de\/wp-json\/wp\/v2\/comments?post=4838"}],"version-history":[{"count":3,"href":"https:\/\/www.mizarstvoornik.si\/de\/wp-json\/wp\/v2\/pages\/4838\/revisions"}],"predecessor-version":[{"id":4863,"href":"https:\/\/www.mizarstvoornik.si\/de\/wp-json\/wp\/v2\/pages\/4838\/revisions\/4863"}],"up":[{"embeddable":true,"href":"https:\/\/www.mizarstvoornik.si\/de\/wp-json\/wp\/v2\/pages\/4813"}],"wp:attachment":[{"href":"https:\/\/www.mizarstvoornik.si\/de\/wp-json\/wp\/v2\/media?parent=4838"}],"curies":[{"name":"wp","href":"https:\/\/api.w.org\/{rel}","templated":true}]}}