{"id":4836,"date":"2024-03-13T23:31:40","date_gmt":"2024-03-13T22:31:40","guid":{"rendered":"https:\/\/www.mizarstvoornik.si\/dienstleistungen\/pohistvo-iz-cemprina\/"},"modified":"2024-04-17T15:17:38","modified_gmt":"2024-04-17T13:17:38","slug":"moebel-aus-zirbenholz","status":"publish","type":"page","link":"https:\/\/www.mizarstvoornik.si\/de\/dienstleistungen\/moebel-aus-zirbenholz\/","title":{"rendered":"M\u00f6bel aus Zirbenholz"},"content":{"rendered":"<div class=\"wpb-content-wrapper\"><p>[vc_row][vc_column]<div class='wd_empty_space' data-heightmobile='' data-heighttablet='' data-heightdesktop=''><\/div>  <div class=\"wd-heading s-under-t text-left text-left\"\r\n       style=\"; \">\r\n\t\t\r\n\t\t\t\r\n      <h3 style=\"font-weight:400;color:#111111;\" data-text=\"Einzigartige M\u00f6belst\u00fccke aus Zirbenholz, nach Ihren W\u00fcnschen gestaltet.\">\r\n\t\t\tEinzigartige M\u00f6belst\u00fccke aus Zirbenholz, nach Ihren W\u00fcnschen gestaltet.      <\/h3>\r\n\r\n\t\t\t\t\t\t\t\t\t\r\n\t\t    <\/div>\r\n\t\t<div class='wd_empty_space' data-heightmobile='' data-heighttablet='' data-heightdesktop=''><\/div>[vc_column_text]<\/p>\n<div class=\"default-text-block\">\n<p>Treten Sie ein in die Welt hochwertiger Zirbenholzm\u00f6bel, wo \u00c4sthetik auf Nat\u00fcrlichkeit trifft. Unser ma\u00dfgeschneiderter Service f\u00fcr Zirbenholzm\u00f6bel bringt einzigartige St\u00fccke in Ihr Zuhause, die die W\u00e4rme des nat\u00fcrlichen Holzes mit modernem Design vereinen.<\/p>\n<\/div>\n<p>[\/vc_column_text]\r\n\r\n<div class=\"wd_empty_space\" data-heightmobile=\"10\" data-heighttablet=\"20\" data-heightdesktop=\"25px\">\r\n\r\n<\/div>\r\n      \r\n\r\n\r\n\r\n        \r\n      \r\n    [\/vc_column][\/vc_row][vc_row][vc_column width=&#8220;1\/2&#8243;][vc_single_image image=&#8220;3896&#8243; img_size=&#8220;full&#8220;]\r\n\r\n<div class=\"wd_empty_space\" data-heightmobile=\"10\" data-heighttablet=\"20\" data-heightdesktop=\"25px\">\r\n\r\n<\/div>\r\n      \r\n\r\n\r\n\r\n        \r\n      \r\n    [vc_column_text]<\/p>\n<div class=\"default-text-block\">\n<blockquote><p><em>Zirbenholz: Nachhaltige Sch\u00f6nheit der Natur in Ihrem Zuhause.<\/em><\/p><\/blockquote>\n<\/div>\n<p>[\/vc_column_text][\/vc_column][vc_column width=&#8220;1\/2&#8243; css=&#8220;.vc_custom_1463411390237{padding-left: 30px !important;}&#8220;][vc_column_text]Jedes St\u00fcck ist sorgf\u00e4ltig gestaltet und von Hand gefertigt, was nicht nur \u00e4sthetische Vollendung, sondern auch Langlebigkeit und Funktionalit\u00e4t gew\u00e4hrleistet. Verw\u00f6hnen Sie Ihre R\u00e4ume mit nat\u00fcrlichen Materialien und w\u00e4hlen Sie M\u00f6bel, die Ihren pers\u00f6nlichen Stil widerspiegeln.<\/p>\n<p>In unserer Werkstatt fertigen wir M\u00f6bel aus Zirbenholz, einem Naturmaterial, das nicht nur mit seiner W\u00e4rme und Maserung bezaubert, sondern auch h\u00f6chsten Nachhaltigkeitsstandards gerecht wird. Zirbenholz, als ausgew\u00e4hltes Material, bietet nicht nur \u00e4sthetisch ansprechende St\u00fccke, sondern auch au\u00dfergew\u00f6hnliche Best\u00e4ndigkeit und Langlebigkeit. Unsere Handwerker w\u00e4hlen jedes Holzst\u00fcck mit besonderer Sorgfalt aus, um sicherzustellen, dass jedes Produkt das Siegel nat\u00fcrlicher Sch\u00f6nheit tr\u00e4gt.<\/p>\n<p>Zirbenholz hat au\u00dfergew\u00f6hnliche Eigenschaften, die sich positiv auf das Herz und den Herzschlag auswirken k\u00f6nnen. Studien haben gezeigt, dass regelm\u00e4\u00dfige Exposition gegen\u00fcber Zirbenholz den Herzschlag um bis zu 3500 Herzschl\u00e4ge pro Nacht senken kann. Ein reduzierter Herzschlag kann zu einem besseren Schlaf und zur Regeneration der Herzzellen beitragen und somit das Risiko von Herzkrankheiten verringern.<\/p>\n<p>Jedes M\u00f6belst\u00fcck ist das Ergebnis der Verbindung von traditionellem Handwerk mit modernem Design. Pr\u00e4zision und Aufmerksamkeit zum Detail sind bei jedem Herstellungsschritt entscheidend und gew\u00e4hrleisten ein Endprodukt von h\u00f6chster Qualit\u00e4t.[\/vc_column_text][\/vc_column][\/vc_row][vc_row][vc_column]\r\n\r\n<div class=\"wd_empty_space\" data-heightmobile=\"10\" data-heighttablet=\"20\" data-heightdesktop=\"25px\">\r\n\r\n<\/div>\r\n      \r\n\r\n\r\n\r\n        \r\n      \r\n    <div class='wd_empty_space' data-heightmobile='' data-heighttablet='' data-heightdesktop=''><\/div>  <div class=\"wd-heading s-under-t text-left text-left\"\r\n       style=\"; \">\r\n\t\t\r\n\t\t\t\r\n      <h3 style=\"font-weight:400;color:#111111;\" data-text=\"Fotogalerie unserer Projekte\">\r\n\t\t\tFotogalerie unserer Projekte      <\/h3>\r\n\r\n\t\t\t\t\t\t\t\t\t\r\n\t\t    <\/div>\r\n\t\t<div class='wd_empty_space' data-heightmobile='' data-heighttablet='' data-heightdesktop=''><\/div>\r\n\r\n<div class=\"wd_empty_space\" data-heightmobile=\"10\" data-heighttablet=\"20\" data-heightdesktop=\"25px\">\r\n\r\n<\/div>\r\n      \r\n\r\n\r\n\r\n        \r\n      \r\n    [vc_row_inner][vc_column_inner][vc_masonry_media_grid grid_id=&#8220;vc_gid:1713123229365-3f5a7943-fbc0-3&#8243; include=&#8220;3884,4443,4441,4439,4437,4435,3896,4781&#8243;][\/vc_column_inner][\/vc_row_inner][\/vc_column][\/vc_row][vc_row][vc_column]\r\n\r\n<div class=\"wd_empty_space\" data-heightmobile=\"10\" data-heighttablet=\"20\" data-heightdesktop=\"25px\">\r\n\r\n<\/div>\r\n      \r\n\r\n\r\n\r\n        \r\n      \r\n    [\/vc_column][\/vc_row]<\/p>\n<\/div>","protected":false},"excerpt":{"rendered":"<p>[vc_row][vc_column][vc_column_text] Treten Sie ein in die Welt hochwertiger Zirbenholzm\u00f6bel, wo \u00c4sthetik auf Nat\u00fcrlichkeit trifft. Unser ma\u00dfgeschneiderter Service f\u00fcr Zirbenholzm\u00f6bel bringt einzigartige St\u00fccke in Ihr Zuhause, die die W\u00e4rme des nat\u00fcrlichen Holzes mit modernem Design vereinen. [\/vc_column_text][\/vc_column][\/vc_row][vc_row][vc_column width=&#8220;1\/2&#8243;][vc_single_image image=&#8220;3896&#8243; img_size=&#8220;full&#8220;][vc_column_text] Zirbenholz: Nachhaltige Sch\u00f6nheit der Natur in Ihrem Zuhause. [\/vc_column_text][\/vc_column][vc_column width=&#8220;1\/2&#8243; css=&#8220;.vc_custom_1463411390237{padding-left: 30px !important;}&#8220;][vc_column_text]Jedes St\u00fcck ist sorgf\u00e4ltig [&hellip;]<\/p>\n","protected":false},"author":1,"featured_media":0,"parent":4813,"menu_order":0,"comment_status":"closed","ping_status":"closed","template":"","meta":{"_monsterinsights_skip_tracking":false,"_monsterinsights_sitenote_active":false,"_monsterinsights_sitenote_note":"","_monsterinsights_sitenote_category":0,"footnotes":""},"class_list":["post-4836","page","type-page","status-publish","hentry"],"_links":{"self":[{"href":"https:\/\/www.mizarstvoornik.si\/de\/wp-json\/wp\/v2\/pages\/4836","targetHints":{"allow":["GET"]}}],"collection":[{"href":"https:\/\/www.mizarstvoornik.si\/de\/wp-json\/wp\/v2\/pages"}],"about":[{"href":"https:\/\/www.mizarstvoornik.si\/de\/wp-json\/wp\/v2\/types\/page"}],"author":[{"embeddable":true,"href":"https:\/\/www.mizarstvoornik.si\/de\/wp-json\/wp\/v2\/users\/1"}],"replies":[{"embeddable":true,"href":"https:\/\/www.mizarstvoornik.si\/de\/wp-json\/wp\/v2\/comments?post=4836"}],"version-history":[{"count":4,"href":"https:\/\/www.mizarstvoornik.si\/de\/wp-json\/wp\/v2\/pages\/4836\/revisions"}],"predecessor-version":[{"id":4922,"href":"https:\/\/www.mizarstvoornik.si\/de\/wp-json\/wp\/v2\/pages\/4836\/revisions\/4922"}],"up":[{"embeddable":true,"href":"https:\/\/www.mizarstvoornik.si\/de\/wp-json\/wp\/v2\/pages\/4813"}],"wp:attachment":[{"href":"https:\/\/www.mizarstvoornik.si\/de\/wp-json\/wp\/v2\/media?parent=4836"}],"curies":[{"name":"wp","href":"https:\/\/api.w.org\/{rel}","templated":true}]}}