{"id":4835,"date":"2024-03-13T23:34:09","date_gmt":"2024-03-13T22:34:09","guid":{"rendered":"https:\/\/www.mizarstvoornik.si\/dienstleistungen\/oprema-kleti\/"},"modified":"2024-04-14T21:39:48","modified_gmt":"2024-04-14T19:39:48","slug":"kellerausstattung","status":"publish","type":"page","link":"https:\/\/www.mizarstvoornik.si\/de\/dienstleistungen\/kellerausstattung\/","title":{"rendered":"Kellerausstattung"},"content":{"rendered":"<div class=\"wpb-content-wrapper\"><p>[vc_row][vc_column]<div class='wd_empty_space' data-heightmobile='' data-heighttablet='' data-heightdesktop=''><\/div>  <div class=\"wd-heading s-under-t text-left text-left\"\r\n       style=\"; \">\r\n\t\t\r\n\t\t\t\r\n      <h3 style=\"font-weight:400;color:#111111;\" data-text=\"Ma\u00dfgeschneiderte M\u00f6bel f\u00fcr Ihren Keller: f\u00fcr stilvolle Zusammenk\u00fcnfte oder Entspannung\">\r\n\t\t\tMa\u00dfgeschneiderte M\u00f6bel f\u00fcr Ihren Keller: f\u00fcr stilvolle Zusammenk\u00fcnfte oder Entspannung      <\/h3>\r\n\r\n\t\t\t\t\t\t\t\t\t\r\n\t\t    <\/div>\r\n\t\t<div class='wd_empty_space' data-heightmobile='' data-heighttablet='' data-heightdesktop=''><\/div>[vc_column_text]<\/p>\n<div class=\"default-text-block\">\n<p>Entdecken Sie unser Angebot an ma\u00dfgeschneiderten M\u00f6beln f\u00fcr Keller, die Funktionalit\u00e4t und Stil vereinen. Wir sind spezialisiert auf die Gestaltung und Herstellung einzigartiger M\u00f6belelemente f\u00fcr Keller, die organisierte Aufbewahrung erm\u00f6glichen, praktisches Arbeiten erleichtern und eine angenehme Atmosph\u00e4re f\u00fcr Zusammenk\u00fcnfte schaffen. Unabh\u00e4ngig von der Gr\u00f6\u00dfe Ihres Kellers oder Ihren Bed\u00fcrfnissen helfen wir Ihnen dabei, einen Raum zu schaffen, der perfekt Ihrem Lebensstil und Ihrer \u00c4sthetik entspricht.<\/p>\n<\/div>\n<p>[\/vc_column_text]\r\n\r\n<div class=\"wd_empty_space\" data-heightmobile=\"10\" data-heighttablet=\"20\" data-heightdesktop=\"25px\">\r\n\r\n<\/div>\r\n      \r\n\r\n\r\n\r\n        \r\n      \r\n    [\/vc_column][\/vc_row][vc_row][vc_column width=&#8220;1\/2&#8243;][vc_single_image image=&#8220;3658&#8243; img_size=&#8220;full&#8220;]\r\n\r\n<div class=\"wd_empty_space\" data-heightmobile=\"10\" data-heighttablet=\"20\" data-heightdesktop=\"25px\">\r\n\r\n<\/div>\r\n      \r\n\r\n\r\n\r\n        \r\n      \r\n    [vc_column_text]<\/p>\n<div class=\"default-text-block\">\n<blockquote><p><em>Auch der Keller kann ein wunderbarer Ort f\u00fcr Zusammenk\u00fcnfte und Entspannung sein.<\/em><\/p><\/blockquote>\n<\/div>\n<p>[\/vc_column_text][\/vc_column][vc_column width=&#8220;1\/2&#8243; css=&#8220;.vc_custom_1463411390237{padding-left: 30px !important;}&#8220;][vc_column_text]Wir bieten Ihnen ma\u00dfgeschneiderte M\u00f6bel, die Ihren Keller in einen Raum f\u00fcr luxuri\u00f6se Entspannung, k\u00f6stliche Weinverkostungen und gem\u00fctliche Treffen mit Freunden und Familie verwandeln werden. Unser Team erfahrener Handwerker wird einzigartige St\u00fccke schaffen, die Ihren W\u00fcnschen und Bed\u00fcrfnissen entsprechen.<\/p>\n<p>Mit unseren M\u00f6beln k\u00f6nnen Sie Ihren Keller mit eleganten Weinst\u00e4ndern ausstatten, in denen Ihre Lieblingsweinflaschen sicher aufbewahrt und f\u00fcr das Verw\u00f6hnen Ihrer Geschmacksknospen bereit sind. Dar\u00fcber hinaus k\u00f6nnen wir Ihnen gem\u00fctliche Sofas und Barhocker gestalten, die Ihren G\u00e4sten w\u00e4hrend Verkostungen oder beim Genie\u00dfen eines Glases Wein eine angenehme und entspannte Atmosph\u00e4re bieten.<\/p>\n<p>F\u00fcr diejenigen, die zus\u00e4tzliche Verw\u00f6hnung w\u00fcnschen, bieten wir auch ma\u00dfgefertigte Saunen an, die Ihren Keller in eine Oase der Entspannung und des Wohlbefindens verwandeln werden. Unsere ma\u00dfgefertigte Sauna wird aus hochwertigsten Materialien und mit pr\u00e4ziser Verarbeitung hergestellt, damit Sie sich vollst\u00e4ndig in Ihrem Zuhause entspannen k\u00f6nnen.<\/p>\n<p>Egal, welche W\u00fcnsche und Tr\u00e4ume Sie f\u00fcr Ihren Keller haben, wir helfen Ihnen dabei, einen Raum zu schaffen, der sowohl Sie als auch Ihre G\u00e4ste begeistern wird. Mit unseren ma\u00dfgeschneiderten M\u00f6beln wird Ihr Keller zu einem beliebten R\u00fcckzugsort f\u00fcr Entspannung, Zusammenk\u00fcnfte und unvergessliche Momente.[\/vc_column_text][\/vc_column][\/vc_row][vc_row][vc_column]\r\n\r\n<div class=\"wd_empty_space\" data-heightmobile=\"10\" data-heighttablet=\"20\" data-heightdesktop=\"25px\">\r\n\r\n<\/div>\r\n      \r\n\r\n\r\n\r\n        \r\n      \r\n    <div class='wd_empty_space' data-heightmobile='' data-heighttablet='' data-heightdesktop=''><\/div>  <div class=\"wd-heading s-under-t text-left text-left\"\r\n       style=\"; \">\r\n\t\t\r\n\t\t\t\r\n      <h3 style=\"font-weight:400;color:#111111;\" data-text=\"Fotogalerie unserer Projekte\">\r\n\t\t\tFotogalerie unserer Projekte      <\/h3>\r\n\r\n\t\t\t\t\t\t\t\t\t\r\n\t\t    <\/div>\r\n\t\t<div class='wd_empty_space' data-heightmobile='' data-heighttablet='' data-heightdesktop=''><\/div>\r\n\r\n<div class=\"wd_empty_space\" data-heightmobile=\"10\" data-heighttablet=\"20\" data-heightdesktop=\"25px\">\r\n\r\n<\/div>\r\n      \r\n\r\n\r\n\r\n        \r\n      \r\n    [vc_row_inner][vc_column_inner][vc_masonry_media_grid grid_id=&#8220;vc_gid:1713123532876-db87468a-2dd6-4&#8243; include=&#8220;4594,4582,4580,4572&#8243;][\/vc_column_inner][\/vc_row_inner][\/vc_column][\/vc_row][vc_row][vc_column]\r\n\r\n<div class=\"wd_empty_space\" data-heightmobile=\"10\" data-heighttablet=\"20\" data-heightdesktop=\"25px\">\r\n\r\n<\/div>\r\n      \r\n\r\n\r\n\r\n        \r\n      \r\n    [\/vc_column][\/vc_row]<\/p>\n<\/div>","protected":false},"excerpt":{"rendered":"<p>[vc_row][vc_column][vc_column_text] Entdecken Sie unser Angebot an ma\u00dfgeschneiderten M\u00f6beln f\u00fcr Keller, die Funktionalit\u00e4t und Stil vereinen. Wir sind spezialisiert auf die Gestaltung und Herstellung einzigartiger M\u00f6belelemente f\u00fcr Keller, die organisierte Aufbewahrung erm\u00f6glichen, praktisches Arbeiten erleichtern und eine angenehme Atmosph\u00e4re f\u00fcr Zusammenk\u00fcnfte schaffen. Unabh\u00e4ngig von der Gr\u00f6\u00dfe Ihres Kellers oder Ihren Bed\u00fcrfnissen helfen wir Ihnen dabei, einen [&hellip;]<\/p>\n","protected":false},"author":1,"featured_media":0,"parent":4813,"menu_order":0,"comment_status":"closed","ping_status":"closed","template":"","meta":{"_monsterinsights_skip_tracking":false,"_monsterinsights_sitenote_active":false,"_monsterinsights_sitenote_note":"","_monsterinsights_sitenote_category":0,"footnotes":""},"class_list":["post-4835","page","type-page","status-publish","hentry"],"_links":{"self":[{"href":"https:\/\/www.mizarstvoornik.si\/de\/wp-json\/wp\/v2\/pages\/4835","targetHints":{"allow":["GET"]}}],"collection":[{"href":"https:\/\/www.mizarstvoornik.si\/de\/wp-json\/wp\/v2\/pages"}],"about":[{"href":"https:\/\/www.mizarstvoornik.si\/de\/wp-json\/wp\/v2\/types\/page"}],"author":[{"embeddable":true,"href":"https:\/\/www.mizarstvoornik.si\/de\/wp-json\/wp\/v2\/users\/1"}],"replies":[{"embeddable":true,"href":"https:\/\/www.mizarstvoornik.si\/de\/wp-json\/wp\/v2\/comments?post=4835"}],"version-history":[{"count":2,"href":"https:\/\/www.mizarstvoornik.si\/de\/wp-json\/wp\/v2\/pages\/4835\/revisions"}],"predecessor-version":[{"id":4871,"href":"https:\/\/www.mizarstvoornik.si\/de\/wp-json\/wp\/v2\/pages\/4835\/revisions\/4871"}],"up":[{"embeddable":true,"href":"https:\/\/www.mizarstvoornik.si\/de\/wp-json\/wp\/v2\/pages\/4813"}],"wp:attachment":[{"href":"https:\/\/www.mizarstvoornik.si\/de\/wp-json\/wp\/v2\/media?parent=4835"}],"curies":[{"name":"wp","href":"https:\/\/api.w.org\/{rel}","templated":true}]}}