{"id":4833,"date":"2024-03-13T23:36:06","date_gmt":"2024-03-13T22:36:06","guid":{"rendered":"https:\/\/www.mizarstvoornik.si\/dienstleistungen\/izdelki-iz-starega-tesanega-lesa\/"},"modified":"2024-04-30T22:12:30","modified_gmt":"2024-04-30T20:12:30","slug":"produkte-aus-altholz","status":"publish","type":"page","link":"https:\/\/www.mizarstvoornik.si\/de\/dienstleistungen\/produkte-aus-altholz\/","title":{"rendered":"Produkte aus Altholz"},"content":{"rendered":"<div class=\"wpb-content-wrapper\"><p>[vc_row][vc_column]<div class='wd_empty_space' data-heightmobile='' data-heighttablet='' data-heightdesktop=''><\/div>  <div class=\"wd-heading s-under-t text-left text-left\"\r\n       style=\"; \">\r\n\t\t\r\n\t\t\t\r\n      <h3 style=\"font-weight:400;color:#111111;\" data-text=\"Natur und Tradition - vereint in jedem St\u00fcck unseres einzigartigen Produkts.\">\r\n\t\t\tNatur und Tradition - vereint in jedem St\u00fcck unseres einzigartigen Produkts.      <\/h3>\r\n\r\n\t\t\t\t\t\t\t\t\t\r\n\t\t    <\/div>\r\n\t\t<div class='wd_empty_space' data-heightmobile='' data-heighttablet='' data-heightdesktop=''><\/div>[vc_column_text]<\/p>\n<div class=\"default-text-block\">\n<p>Produkte aus Altholz sind eine au\u00dfergew\u00f6hnlich hochwertige und einzigartige Wahl f\u00fcr die Ausstattung Ihres Zuhauses oder Gesch\u00e4fts. Handgefertigt aus nat\u00fcrlichen Materialien, verleihen diese Produkte W\u00e4rme und Authentizit\u00e4t und dr\u00fccken Respekt f\u00fcr Tradition und nat\u00fcrliche Sch\u00f6nheit aus.<\/p><\/div>\n<p>[\/vc_column_text]\r\n\r\n<div class=\"wd_empty_space\" data-heightmobile=\"10\" data-heighttablet=\"20\" data-heightdesktop=\"25px\">\r\n\r\n<\/div>\r\n      \r\n\r\n\r\n\r\n        \r\n      \r\n    [\/vc_column][\/vc_row][vc_row][vc_column width=&#8220;1\/2&#8243;][vc_single_image image=&#8220;4242&#8243; img_size=&#8220;full&#8220;]\r\n\r\n<div class=\"wd_empty_space\" data-heightmobile=\"10\" data-heighttablet=\"20\" data-heightdesktop=\"25px\">\r\n\r\n<\/div>\r\n      \r\n\r\n\r\n\r\n        \r\n      \r\n    [vc_column_text]<\/p>\n<div class=\"default-text-block\">\n<blockquote>\n<p><em>Holzprodukte &#8211; Symbol f\u00fcr Nachhaltigkeit und Einzigartigkeit.<\/em><\/p>\n<\/blockquote>\n<\/div>\n<p>[\/vc_column_text][\/vc_column][vc_column width=&#8220;1\/2&#8243; css=&#8220;.vc_custom_1463411390237{padding-left: 30px !important;}&#8220;][vc_column_text]Jedes St\u00fcck wird sorgf\u00e4ltig entworfen und von Hand gefertigt, was nicht nur \u00e4sthetische Vollendung, sondern auch Nachhaltigkeit und Funktionalit\u00e4t gew\u00e4hrleistet. Verw\u00f6hnen Sie Ihre R\u00e4ume mit nat\u00fcrlichen Materialien und w\u00e4hlen Sie M\u00f6bel, die Ihren pers\u00f6nlichen Stil widerspiegeln.<\/p>\n<p>In unserer Werkstatt fertigen wir M\u00f6bel aus Zirbenholz, einem Naturmaterial, das nicht nur mit seiner W\u00e4rme und Maserung bezaubert, sondern auch h\u00f6chsten Nachhaltigkeitsstandards gerecht wird. Zirbenholz als ausgew\u00e4hltes Material bietet nicht nur \u00e4sthetisch ansprechende St\u00fccke, sondern auch au\u00dfergew\u00f6hnliche Best\u00e4ndigkeit und Langlebigkeit. Unsere Handwerker w\u00e4hlen jedes Holzst\u00fcck mit besonderer Sorgfalt aus, um sicherzustellen, dass jedes Produkt das Siegel nat\u00fcrlicher Sch\u00f6nheit tr\u00e4gt.<\/p>\n<p>Jedes M\u00f6belst\u00fcck ist das Ergebnis der Verbindung von traditionellem Handwerk mit modernem Design. Pr\u00e4zision und Aufmerksamkeit zum Detail sind bei jedem Herstellungsschritt entscheidend und gew\u00e4hrleisten ein Endprodukt von h\u00f6chster Qualit\u00e4t.[\/vc_column_text][\/vc_column][\/vc_row][vc_row][vc_column]\r\n\r\n<div class=\"wd_empty_space\" data-heightmobile=\"10\" data-heighttablet=\"20\" data-heightdesktop=\"25px\">\r\n\r\n<\/div>\r\n      \r\n\r\n\r\n\r\n        \r\n      \r\n    <div class='wd_empty_space' data-heightmobile='' data-heighttablet='' data-heightdesktop=''><\/div>  <div class=\"wd-heading s-under-t text-left text-left\"\r\n       style=\"; \">\r\n\t\t\r\n\t\t\t\r\n      <h3 style=\"font-weight:400;color:#111111;\" data-text=\"Fotogalerie unserer Projekte\">\r\n\t\t\tFotogalerie unserer Projekte      <\/h3>\r\n\r\n\t\t\t\t\t\t\t\t\t\r\n\t\t    <\/div>\r\n\t\t<div class='wd_empty_space' data-heightmobile='' data-heighttablet='' data-heightdesktop=''><\/div>\r\n\r\n<div class=\"wd_empty_space\" data-heightmobile=\"10\" data-heighttablet=\"20\" data-heightdesktop=\"25px\">\r\n\r\n<\/div>\r\n      \r\n\r\n\r\n\r\n        \r\n      \r\n    [vc_row_inner][vc_column_inner][vc_masonry_media_grid grid_id=&#8220;vc_gid:1714507432394-13e9a7a30bbc0d8fc2c92c162a97d3f5-10&#8243; include=&#8220;4985,4989,4538,4078,4066,4064,4062,4060,4058,4056,4054,4546,4432,4276,4068,4010,4006,4004,3958,3998&#8243;][\/vc_column_inner][\/vc_row_inner][\/vc_column][\/vc_row][vc_row][vc_column]\r\n\r\n<div class=\"wd_empty_space\" data-heightmobile=\"10\" data-heighttablet=\"20\" data-heightdesktop=\"25px\">\r\n\r\n<\/div>\r\n      \r\n\r\n\r\n\r\n        \r\n      \r\n    [\/vc_column][\/vc_row]<\/p>\n<\/div>","protected":false},"excerpt":{"rendered":"<p>[vc_row][vc_column][vc_column_text] Produkte aus Altholz sind eine au\u00dfergew\u00f6hnlich hochwertige und einzigartige Wahl f\u00fcr die Ausstattung Ihres Zuhauses oder Gesch\u00e4fts. Handgefertigt aus nat\u00fcrlichen Materialien, verleihen diese Produkte W\u00e4rme und Authentizit\u00e4t und dr\u00fccken Respekt f\u00fcr Tradition und nat\u00fcrliche Sch\u00f6nheit aus. [\/vc_column_text][\/vc_column][\/vc_row][vc_row][vc_column width=&#8220;1\/2&#8243;][vc_single_image image=&#8220;4242&#8243; img_size=&#8220;full&#8220;][vc_column_text] Holzprodukte &#8211; Symbol f\u00fcr Nachhaltigkeit und Einzigartigkeit. [\/vc_column_text][\/vc_column][vc_column width=&#8220;1\/2&#8243; css=&#8220;.vc_custom_1463411390237{padding-left: 30px !important;}&#8220;][vc_column_text]Jedes St\u00fcck wird [&hellip;]<\/p>\n","protected":false},"author":1,"featured_media":0,"parent":4813,"menu_order":0,"comment_status":"closed","ping_status":"closed","template":"","meta":{"_monsterinsights_skip_tracking":false,"_monsterinsights_sitenote_active":false,"_monsterinsights_sitenote_note":"","_monsterinsights_sitenote_category":0,"footnotes":""},"class_list":["post-4833","page","type-page","status-publish","hentry"],"_links":{"self":[{"href":"https:\/\/www.mizarstvoornik.si\/de\/wp-json\/wp\/v2\/pages\/4833","targetHints":{"allow":["GET"]}}],"collection":[{"href":"https:\/\/www.mizarstvoornik.si\/de\/wp-json\/wp\/v2\/pages"}],"about":[{"href":"https:\/\/www.mizarstvoornik.si\/de\/wp-json\/wp\/v2\/types\/page"}],"author":[{"embeddable":true,"href":"https:\/\/www.mizarstvoornik.si\/de\/wp-json\/wp\/v2\/users\/1"}],"replies":[{"embeddable":true,"href":"https:\/\/www.mizarstvoornik.si\/de\/wp-json\/wp\/v2\/comments?post=4833"}],"version-history":[{"count":6,"href":"https:\/\/www.mizarstvoornik.si\/de\/wp-json\/wp\/v2\/pages\/4833\/revisions"}],"predecessor-version":[{"id":4998,"href":"https:\/\/www.mizarstvoornik.si\/de\/wp-json\/wp\/v2\/pages\/4833\/revisions\/4998"}],"up":[{"embeddable":true,"href":"https:\/\/www.mizarstvoornik.si\/de\/wp-json\/wp\/v2\/pages\/4813"}],"wp:attachment":[{"href":"https:\/\/www.mizarstvoornik.si\/de\/wp-json\/wp\/v2\/media?parent=4833"}],"curies":[{"name":"wp","href":"https:\/\/api.w.org\/{rel}","templated":true}]}}