{"id":4832,"date":"2024-03-13T23:36:31","date_gmt":"2024-03-13T22:36:31","guid":{"rendered":"https:\/\/www.mizarstvoornik.si\/dienstleistungen\/hise-iz-starega-tesanega-lesa\/"},"modified":"2024-04-17T15:23:30","modified_gmt":"2024-04-17T13:23:30","slug":"haeuser-aus-altholz","status":"publish","type":"page","link":"https:\/\/www.mizarstvoornik.si\/de\/dienstleistungen\/haeuser-aus-altholz\/","title":{"rendered":"H\u00e4user aus Altholz"},"content":{"rendered":"<div class=\"wpb-content-wrapper\"><p>[vc_row][vc_column]<div class='wd_empty_space' data-heightmobile='' data-heighttablet='' data-heightdesktop=''><\/div>  <div class=\"wd-heading s-under-t text-left text-left\"\r\n       style=\"; \">\r\n\t\t\r\n\t\t\t\r\n      <h3 style=\"font-weight:400;color:#111111;\" data-text=\"Wo sich Geschichte und Komfort verweben und ein Zuhause entstehen lassen, das mit der Vergangenheit atmet.\">\r\n\t\t\tWo sich Geschichte und Komfort verweben und ein Zuhause entstehen lassen, das mit der Vergangenheit atmet.      <\/h3>\r\n\r\n\t\t\t\t\t\t\t\t\t\r\n\t\t    <\/div>\r\n\t\t<div class='wd_empty_space' data-heightmobile='' data-heighttablet='' data-heightdesktop=''><\/div>[vc_column_text]<\/p>\n<div class=\"default-text-block\">\n<p>H\u00e4user aus Altholz sind au\u00dfergew\u00f6hnlich hochwertige und einzigartige Wohnr\u00e4ume, die Tradition und Moderne vereinen. Handgefertigt aus nat\u00fcrlichen Materialien bieten diese H\u00e4user W\u00e4rme, Komfort und Nachhaltigkeit, w\u00e4hrend sie den Charme und Charakter alter Bautechniken bewahren.<\/p>\n<\/div>\n<p>[\/vc_column_text]\r\n\r\n<div class=\"wd_empty_space\" data-heightmobile=\"10\" data-heighttablet=\"20\" data-heightdesktop=\"25px\">\r\n\r\n<\/div>\r\n      \r\n\r\n\r\n\r\n        \r\n      \r\n    [\/vc_column][\/vc_row][vc_row][vc_column width=&#8220;1\/2&#8243;][vc_single_image image=&#8220;4239&#8243; img_size=&#8220;full&#8220;]\r\n\r\n<div class=\"wd_empty_space\" data-heightmobile=\"10\" data-heighttablet=\"20\" data-heightdesktop=\"25px\">\r\n\r\n<\/div>\r\n      \r\n\r\n\r\n\r\n        \r\n      \r\n    [vc_column_text]<\/p>\n<div class=\"default-text-block\">\n<blockquote><p><em>In einem Haus aus Altholz erwacht die Seele der Natur, die jeden Winkel des Hauses umarmt.<\/em><\/p><\/blockquote>\n<\/div>\n<p>[\/vc_column_text][\/vc_column][vc_column width=&#8220;1\/2&#8243; css=&#8220;.vc_custom_1463411390237{padding-left: 30px !important;}&#8220;][vc_column_text]H\u00e4user aus Altholz bieten eine au\u00dfergew\u00f6hnlich hochwertige und einzigartige Wohnm\u00f6glichkeit, indem sie traditionelles Handwerk mit modernen Bed\u00fcrfnissen verbinden. Jedes Haus ist handgefertigt aus naturbelassenem Holz, das sorgf\u00e4ltig restauriert und verarbeitet wurde, was f\u00fcr nachhaltiges Bauen und eine einzigartige \u00c4sthetik sorgt.<\/p>\n<p>Jedes St\u00fcck Holz tr\u00e4gt eine Geschichte, die dem Haus einen besonderen Charme und Charakter verleiht und gleichzeitig eine warme und gem\u00fctliche Wohnatmosph\u00e4re schafft. Diese H\u00e4user bewahren nicht nur die nat\u00fcrliche Sch\u00f6nheit der Umgebung, sondern verbinden sie auch mit dem Inneren, was ein harmonisches und ausgewogenes Zuhause schafft.<\/p>\n<p>Aufgrund ihrer Langlebigkeit und Witterungsbest\u00e4ndigkeit sind H\u00e4user aus Altholz eine ideale Wahl f\u00fcr verschiedene Umgebungsbedingungen. Dar\u00fcber hinaus stellen sie eine nachhaltige Alternative zu modernen Baustoffen dar, was zum Schutz der Umwelt und nat\u00fcrlicher Ressourcen beitr\u00e4gt.<\/p>\n<p>Jedes Haus aus Altholz ist eigentlich ein einzigartiges Kunstwerk, das Geschichte, Natur und modernen Lebensstil zu einer harmonischen Einheit vereint. Mit ihrem Charme und ihrer Eleganz verleihen sie jedem Raum, den sie ber\u00fchren, eine besondere Note und bieten ein Wohn-Erlebnis, das gleicherma\u00dfen ansprechend und nachhaltig ist.[\/vc_column_text][\/vc_column][\/vc_row][vc_row][vc_column]\r\n\r\n<div class=\"wd_empty_space\" data-heightmobile=\"10\" data-heighttablet=\"20\" data-heightdesktop=\"25px\">\r\n\r\n<\/div>\r\n      \r\n\r\n\r\n\r\n        \r\n      \r\n    <div class='wd_empty_space' data-heightmobile='' data-heighttablet='' data-heightdesktop=''><\/div>  <div class=\"wd-heading s-under-t text-left text-left\"\r\n       style=\"; \">\r\n\t\t\r\n\t\t\t\r\n      <h3 style=\"font-weight:400;color:#111111;\" data-text=\"Fotogalerie unserer Projekte\">\r\n\t\t\tFotogalerie unserer Projekte      <\/h3>\r\n\r\n\t\t\t\t\t\t\t\t\t\r\n\t\t    <\/div>\r\n\t\t<div class='wd_empty_space' data-heightmobile='' data-heighttablet='' data-heightdesktop=''><\/div>\r\n\r\n<div class=\"wd_empty_space\" data-heightmobile=\"10\" data-heighttablet=\"20\" data-heightdesktop=\"25px\">\r\n\r\n<\/div>\r\n      \r\n\r\n\r\n\r\n        \r\n      \r\n    [vc_row_inner][vc_column_inner]<div class='wd_empty_space' data-heightmobile='' data-heighttablet='' data-heightdesktop=''><\/div>  <div class=\"wd-heading s-under-t text- \"\r\n       style=\"; \">\r\n\t\t\r\n\t\t\t\r\n      <h3 style=\"\" data-text=\"Haus Gramais\">\r\n\t\t\tHaus Gramais      <\/h3>\r\n\r\n\t\t\t\t\t\t\t\t\t\r\n\t\t    <\/div>\r\n\t\t<div class='wd_empty_space' data-heightmobile='' data-heighttablet='' data-heightdesktop=''><\/div>[vc_masonry_media_grid grid_id=&#8220;vc_gid:1713360140218-e6ac93d1-cb33-8&#8243; include=&#8220;4397,4378,4422,4418,4372,4370&#8243;][\/vc_column_inner][\/vc_row_inner][vc_row_inner][vc_column_inner]\r\n\r\n<div class=\"wd_empty_space\" data-heightmobile=\"10\" data-heighttablet=\"20px\" data-heightdesktop=\"30px\">\r\n\r\n<\/div>\r\n      \r\n\r\n\r\n\r\n        \r\n      \r\n    <div class='wd_empty_space' data-heightmobile='' data-heighttablet='' data-heightdesktop=''><\/div>  <div class=\"wd-heading s-under-t text- \"\r\n       style=\"; \">\r\n\t\t\r\n\t\t\t\r\n      <h3 style=\"\" data-text=\"Haus Darscheid\">\r\n\t\t\tHaus Darscheid      <\/h3>\r\n\r\n\t\t\t\t\t\t\t\t\t\r\n\t\t    <\/div>\r\n\t\t<div class='wd_empty_space' data-heightmobile='' data-heighttablet='' data-heightdesktop=''><\/div>[vc_masonry_media_grid grid_id=&#8220;vc_gid:1713360140218-773df2e3-7b29-5&#8243; include=&#8220;4349,4351,4355,4347,4343,4341,4335&#8243;][\/vc_column_inner][\/vc_row_inner][vc_row_inner][vc_column_inner]\r\n\r\n<div class=\"wd_empty_space\" data-heightmobile=\"10\" data-heighttablet=\"20px\" data-heightdesktop=\"30px\">\r\n\r\n<\/div>\r\n      \r\n\r\n\r\n\r\n        \r\n      \r\n    <div class='wd_empty_space' data-heightmobile='' data-heighttablet='' data-heightdesktop=''><\/div>  <div class=\"wd-heading s-under-t text- \"\r\n       style=\"; \">\r\n\t\t\r\n\t\t\t\r\n      <h3 style=\"\" data-text=\"Haus Bach\">\r\n\t\t\tHaus Bach      <\/h3>\r\n\r\n\t\t\t\t\t\t\t\t\t\r\n\t\t    <\/div>\r\n\t\t<div class='wd_empty_space' data-heightmobile='' data-heighttablet='' data-heightdesktop=''><\/div>[vc_masonry_media_grid grid_id=&#8220;vc_gid:1713360140219-e8206e22-c340-0&#8243; include=&#8220;4314,4320,4318,4316&#8243;][\/vc_column_inner][\/vc_row_inner][vc_row_inner][vc_column_inner]\r\n\r\n<div class=\"wd_empty_space\" data-heightmobile=\"10\" data-heighttablet=\"20px\" data-heightdesktop=\"30px\">\r\n\r\n<\/div>\r\n      \r\n\r\n\r\n\r\n        \r\n      \r\n    <div class='wd_empty_space' data-heightmobile='' data-heighttablet='' data-heightdesktop=''><\/div>  <div class=\"wd-heading s-under-t text- \"\r\n       style=\"; \">\r\n\t\t\r\n\t\t\t\r\n      <h3 style=\"\" data-text=\"Haus Reutte\">\r\n\t\t\tHaus Reutte      <\/h3>\r\n\r\n\t\t\t\t\t\t\t\t\t\r\n\t\t    <\/div>\r\n\t\t<div class='wd_empty_space' data-heightmobile='' data-heighttablet='' data-heightdesktop=''><\/div>[vc_masonry_media_grid grid_id=&#8220;vc_gid:1713360140219-25f0de8a-538e-10&#8243; include=&#8220;3876&#8243;][\/vc_column_inner][\/vc_row_inner][vc_row_inner][vc_column_inner]\r\n\r\n<div class=\"wd_empty_space\" data-heightmobile=\"10\" data-heighttablet=\"20px\" data-heightdesktop=\"30px\">\r\n\r\n<\/div>\r\n      \r\n\r\n\r\n\r\n        \r\n      \r\n    <div class='wd_empty_space' data-heightmobile='' data-heighttablet='' data-heightdesktop=''><\/div>  <div class=\"wd-heading s-under-t text- \"\r\n       style=\"; \">\r\n\t\t\r\n\t\t\t\r\n      <h3 style=\"\" data-text=\"B\u00e4ckerei Hildesheim\">\r\n\t\t\tB\u00e4ckerei Hildesheim      <\/h3>\r\n\r\n\t\t\t\t\t\t\t\t\t\r\n\t\t    <\/div>\r\n\t\t<div class='wd_empty_space' data-heightmobile='' data-heighttablet='' data-heightdesktop=''><\/div>[vc_masonry_media_grid grid_id=&#8220;vc_gid:1713360140220-a86f9fbb-e63e-1&#8243; include=&#8220;4699,4701,4697,4703,4693,4691&#8243;][\/vc_column_inner][\/vc_row_inner][\/vc_column][\/vc_row][vc_row][vc_column]\r\n\r\n<div class=\"wd_empty_space\" data-heightmobile=\"10\" data-heighttablet=\"20px\" data-heightdesktop=\"30px\">\r\n\r\n<\/div>\r\n      \r\n\r\n\r\n\r\n        \r\n      \r\n    [\/vc_column][\/vc_row]<\/p>\n<\/div>","protected":false},"excerpt":{"rendered":"<p>[vc_row][vc_column][vc_column_text] H\u00e4user aus Altholz sind au\u00dfergew\u00f6hnlich hochwertige und einzigartige Wohnr\u00e4ume, die Tradition und Moderne vereinen. Handgefertigt aus nat\u00fcrlichen Materialien bieten diese H\u00e4user W\u00e4rme, Komfort und Nachhaltigkeit, w\u00e4hrend sie den Charme und Charakter alter Bautechniken bewahren. [\/vc_column_text][\/vc_column][\/vc_row][vc_row][vc_column width=&#8220;1\/2&#8243;][vc_single_image image=&#8220;4239&#8243; img_size=&#8220;full&#8220;][vc_column_text] In einem Haus aus Altholz erwacht die Seele der Natur, die jeden Winkel des Hauses umarmt. [&hellip;]<\/p>\n","protected":false},"author":1,"featured_media":0,"parent":4813,"menu_order":0,"comment_status":"closed","ping_status":"closed","template":"","meta":{"_monsterinsights_skip_tracking":false,"_monsterinsights_sitenote_active":false,"_monsterinsights_sitenote_note":"","_monsterinsights_sitenote_category":0,"footnotes":""},"class_list":["post-4832","page","type-page","status-publish","hentry"],"_links":{"self":[{"href":"https:\/\/www.mizarstvoornik.si\/de\/wp-json\/wp\/v2\/pages\/4832","targetHints":{"allow":["GET"]}}],"collection":[{"href":"https:\/\/www.mizarstvoornik.si\/de\/wp-json\/wp\/v2\/pages"}],"about":[{"href":"https:\/\/www.mizarstvoornik.si\/de\/wp-json\/wp\/v2\/types\/page"}],"author":[{"embeddable":true,"href":"https:\/\/www.mizarstvoornik.si\/de\/wp-json\/wp\/v2\/users\/1"}],"replies":[{"embeddable":true,"href":"https:\/\/www.mizarstvoornik.si\/de\/wp-json\/wp\/v2\/comments?post=4832"}],"version-history":[{"count":5,"href":"https:\/\/www.mizarstvoornik.si\/de\/wp-json\/wp\/v2\/pages\/4832\/revisions"}],"predecessor-version":[{"id":4925,"href":"https:\/\/www.mizarstvoornik.si\/de\/wp-json\/wp\/v2\/pages\/4832\/revisions\/4925"}],"up":[{"embeddable":true,"href":"https:\/\/www.mizarstvoornik.si\/de\/wp-json\/wp\/v2\/pages\/4813"}],"wp:attachment":[{"href":"https:\/\/www.mizarstvoornik.si\/de\/wp-json\/wp\/v2\/media?parent=4832"}],"curies":[{"name":"wp","href":"https:\/\/api.w.org\/{rel}","templated":true}]}}