{"id":4812,"date":"2024-03-01T18:03:53","date_gmt":"2024-03-01T17:03:53","guid":{"rendered":"https:\/\/www.mizarstvoornik.si\/o-nas\/"},"modified":"2024-04-17T21:23:03","modified_gmt":"2024-04-17T19:23:03","slug":"ueber-uns","status":"publish","type":"page","link":"https:\/\/www.mizarstvoornik.si\/de\/ueber-uns\/","title":{"rendered":"\u00dcber uns"},"content":{"rendered":"<div class=\"wpb-content-wrapper\"><p>[vc_row full_width=&#8220;stretch_row&#8220; css=&#8220;.vc_custom_1573252318079{background-image: url(http:\/\/themes.webdevia.com\/flooring\/demo-2\/wp-content\/uploads\/sites\/2\/2019\/11\/map_dotes.png?id=931) !important;background-position: center !important;background-repeat: no-repeat !important;background-size: contain !important;}&#8220;][vc_column]\r\n\r\n<div class=\"wd_empty_space\" data-heightmobile=\"30\" data-heighttablet=\"40\" data-heightdesktop=\"100\">\r\n\r\n<\/div>\r\n      \r\n\r\n\r\n\r\n        \r\n      \r\n    [vc_row_inner][vc_column_inner width=&#8220;8\/12&#8243; css=&#8220;.vc_custom_1575368285077{padding-right: 40px !important;padding-bottom: 40px !important;padding-left: 40px !important;}&#8220;]<div class='wd_empty_space' data-heightmobile='0' data-heighttablet='0' data-heightdesktop='0'><\/div>  <div class=\"wd-heading s-behind-t text-left \"\r\n       style=\"; \">\r\n\t\t\r\n\t\t\t\r\n      <h2 style=\"font-weight:900;font-size:48px;\" data-text=\"Team\">\r\n\t\t\tErfolgreich <span>zusammen<\/span>      <\/h2>\r\n\r\n\t\t\t\t\t\t        <p style=\"\" class=\"subtitle\">\r\n\t\t\t\tTeam        <\/p>\r\n\t\t\t\t\t\t\r\n\t\t    <\/div>\r\n\t\t<div class='wd_empty_space' data-heightmobile='5' data-heighttablet='5' data-heightdesktop='5'><\/div>[vc_column_text]Die Tischlerei Ornik ist ein Unternehmen im nord\u00f6stlichen Teil Sloweniens, das Produkte aus Altholz herstellt und damit das nat\u00fcrliche Erbe unserer Vorfahren bewahrt. Das von uns verwendete Holz ist zwischen 100 und 500 Jahren alt und wird auf traditionelle Weise geschnitzt, wodurch wir Produkte herstellen, die uns weit zur\u00fcckf\u00fchren, als wir noch auf nat\u00fcrlichere Weise lebten.<\/p>\n<p>Aus <strong>Altholz<\/strong> fertigen wir nach Ihren W\u00fcnschen H\u00e4user, komplette Inneneinrichtungen sowie Einrichtungen f\u00fcr den Handel und die Gastronomie. Wir stellen auch ma\u00dfgeschneiderte M\u00f6bel her. Unsere T\u00e4tigkeit geht \u00fcber die Grenzen hinaus, da wir im gesamten Gebiet der Europ\u00e4ischen Union t\u00e4tig sind und dabei nur gepr\u00fcfte und hochwertige Materialien verwenden, die Nachhaltigkeit und Qualit\u00e4t in jedem Produkt gew\u00e4hrleisten.[\/vc_column_text][\/vc_column_inner][vc_column_inner width=&#8220;4\/12&#8243;][\/vc_column_inner][\/vc_row_inner]\r\n\r\n<div class=\"wd_empty_space\" data-heightmobile=\"30\" data-heighttablet=\"40\" data-heightdesktop=\"64\">\r\n\r\n<\/div>\r\n      \r\n\r\n\r\n\r\n        \r\n      \r\n    [\/vc_column][\/vc_row][vc_row full_width=&#8220;stretch_row&#8220; css=&#8220;.vc_custom_1709751625154{background-image: url(https:\/\/www.mizarstvoornik.si\/wp-content\/uploads\/2024\/03\/Mizarstvo_Ornik_Izdelava_pohistva_po_meri_vinska_klet_stari_les_Projekt_Svica_01.jpg?id=3640) !important;background-position: center !important;background-repeat: no-repeat !important;background-size: cover !important;}&#8220;][vc_column]\r\n\r\n<div class=\"wd_empty_space\" data-heightmobile=\"250\" data-heighttablet=\"400\" data-heightdesktop=\"550\">\r\n\r\n<\/div>\r\n      \r\n\r\n\r\n\r\n        \r\n      \r\n    [\/vc_column][\/vc_row][vc_row css=&#8220;.vc_custom_1573900044674{margin-top: 0px !important;}&#8220;][vc_column]\r\n\r\n<div class=\"wd_empty_space\" data-heightmobile=\"10\" data-heighttablet=\"40\" data-heightdesktop=\"80\">\r\n\r\n<\/div>\r\n      \r\n\r\n\r\n\r\n        \r\n      \r\n    [\/vc_column][\/vc_row][vc_row css=&#8220;.vc_custom_1573900044674{margin-top: 0px !important;}&#8220;][vc_column width=&#8220;6\/12&#8243;][vc_single_image image=&#8220;3691&#8243; img_size=&#8220;full&#8220;]\r\n\r\n<div class=\"wd_empty_space\" data-heightmobile=\"10\" data-heighttablet=\"40\" data-heightdesktop=\"100\">\r\n\r\n<\/div>\r\n      \r\n\r\n\r\n\r\n        \r\n      \r\n    [\/vc_column][vc_column width=&#8220;6\/12&#8243; css=&#8220;.vc_custom_1576666182689{padding-right: 140px !important;padding-left: 15px !important;}&#8220;]\r\n\r\n<div class=\"wd_empty_space\" data-heightmobile=\"5\" data-heighttablet=\"20\" data-heightdesktop=\"30\">\r\n\r\n<\/div>\r\n      \r\n\r\n\r\n\r\n        \r\n      \r\n    <div class='wd_empty_space' data-heightmobile='' data-heighttablet='' data-heightdesktop=''><\/div>  <div class=\"wd-heading s-under-t text-left s-behind-t behind-about\"\r\n       style=\"; \">\r\n\t\t\r\n\t\t\t\r\n      <h2 style=\"\" data-text=\"Erbschaft\">\r\n\t\t\tWir bewahren den <span>Reichtum<\/span> des Holzes      <\/h2>\r\n\r\n\t\t\t\t\t\t        <p style=\"font-family:Open Sans;\" class=\"subtitle\">\r\n\t\t\t\tErbschaft        <\/p>\r\n\t\t\t\t\t\t\r\n\t\t    <\/div>\r\n\t\t<div class='wd_empty_space' data-heightmobile='' data-heighttablet='' data-heightdesktop=''><\/div>[vc_column_text]Unsere Meister haben auch umfangreiche Erfahrung in der Restaurierung von barockem und stilvollem M\u00f6bel, sowie in der Herstellung und Ausstattung von Kirchen, Kapellen und anderen denkmalgesch\u00fctzten sakralen Objekten. Mit jahrelanger Pr\u00e4senz auf dem slowenischen und ausl\u00e4ndischen Markt haben wir auch umfangreiche Erfahrungen und Wissen erlangt, das wir auch in Zukunft anstreben. Wir sind auch f\u00fcr unsere Konsistenz und h\u00f6chste Produktqualit\u00e4t bekannt, halten Lieferfristen ein und k\u00fcmmern uns um die Umwelt.[\/vc_column_text]\r\n\r\n<div class=\"wd_empty_space\" data-heightmobile=\"10\" data-heighttablet=\"40\" data-heightdesktop=\"60\">\r\n\r\n<\/div>\r\n      \r\n\r\n\r\n\r\n        \r\n      \r\n    [\/vc_column][\/vc_row][vc_row css=&#8220;.vc_custom_1573900044674{margin-top: 0px !important;}&#8220;][vc_column width=&#8220;6\/12&#8243; css=&#8220;.vc_custom_1576666182689{padding-right: 140px !important;padding-left: 15px !important;}&#8220;]\r\n\r\n<div class=\"wd_empty_space\" data-heightmobile=\"10\" data-heighttablet=\"40\" data-heightdesktop=\"60\">\r\n\r\n<\/div>\r\n      \r\n\r\n\r\n\r\n        \r\n      \r\n    <div class='wd_empty_space' data-heightmobile='' data-heighttablet='' data-heightdesktop=''><\/div>  <div class=\"wd-heading s-under-t text-left s-behind-t behind-about\"\r\n       style=\"; \">\r\n\t\t\r\n\t\t\t\r\n      <h2 style=\"\" data-text=\"Meisterschaft\">\r\n\t\t\tWir beleben Tr\u00e4ume mit <span>Tradition<\/span>      <\/h2>\r\n\r\n\t\t\t\t\t\t        <p style=\"font-family:Open Sans;\" class=\"subtitle\">\r\n\t\t\t\tMeisterschaft        <\/p>\r\n\t\t\t\t\t\t\r\n\t\t    <\/div>\r\n\t\t<div class='wd_empty_space' data-heightmobile='' data-heighttablet='' data-heightdesktop=''><\/div>[vc_column_text]Unsere Leidenschaft f\u00fcr Holz und unsere Erfahrung im Tischlerhandwerk erm\u00f6glichen es uns, Ihre Tr\u00e4ume zur Realit\u00e4t werden zu lassen. Mit Respekt vor der Tradition und der Verwendung alter Handwerkskunst schaffen wir Produkte mit dem Charme vergangener Zeiten, die gleichzeitig an Ihre modernen Bed\u00fcrfnisse angepasst sind. Unsere Meisterschaft beschr\u00e4nkt sich nicht nur auf H\u00e4user &#8211; wir beherrschen die Herstellung von kompletten Inneneinrichtungen, Handels- und Gastronomieeinrichtungen, die sich in \u00c4sthetik und Funktionalit\u00e4t widerspiegeln. Unsere Verpflichtung zur Individualit\u00e4t zeigt sich auch in unseren ma\u00dfgefertigten M\u00f6beln, bei denen jedes St\u00fcck Ihren einzigartigen Geschmack und Stil widerspiegelt.[\/vc_column_text]\r\n\r\n<div class=\"wd_empty_space\" data-heightmobile=\"10\" data-heighttablet=\"40\" data-heightdesktop=\"60\">\r\n\r\n<\/div>\r\n      \r\n\r\n\r\n\r\n        \r\n      \r\n    [\/vc_column][vc_column width=&#8220;6\/12&#8243;][vc_single_image image=&#8220;3692&#8243; img_size=&#8220;full&#8220;]\r\n\r\n<div class=\"wd_empty_space\" data-heightmobile=\"10\" data-heighttablet=\"40\" data-heightdesktop=\"100\">\r\n\r\n<\/div>\r\n      \r\n\r\n\r\n\r\n        \r\n      \r\n    [\/vc_column][\/vc_row][vc_row full_width=&#8220;stretch_row&#8220; css=&#8220;.vc_custom_1576671310372{padding-top: 56px !important;padding-bottom: 40px !important;background-color: #f7f7f7 !important;}&#8220;][vc_column width=&#8220;2\/3&#8243; css=&#8220;.vc_custom_1657050063906{padding-top: 0px !important;}&#8220;]<div class='wd_empty_space' data-heightmobile='' data-heighttablet='' data-heightdesktop=''><\/div>  <div class=\"wd-heading s-under-t text-left \"\r\n       style=\"; \">\r\n\t\t\r\n\t\t\t\r\n      <h3 style=\"color:#303030;\" data-text=\"Sind Sie an unserer Arbeit interessiert, w\u00fcnschen Sie sich die Einzigartigkeit und W\u00e4rme des Holzes auch in Ihrem Zuhause?\">\r\n\t\t\tErkennen Sie unsere Qualit\u00e4t, Fachkompetenz und Zuverl\u00e4ssigkeit.      <\/h3>\r\n\r\n\t\t\t\t\t\t        <p style=\"color:#303030;\" class=\"subtitle\">\r\n\t\t\t\tSind Sie an unserer Arbeit interessiert, w\u00fcnschen Sie sich die Einzigartigkeit und W\u00e4rme des Holzes auch in Ihrem Zuhause?        <\/p>\r\n\t\t\t\t\t\t\r\n\t\t    <\/div>\r\n\t\t<div class='wd_empty_space' data-heightmobile='' data-heighttablet='' data-heightdesktop=''><\/div>[\/vc_column][vc_column width=&#8220;1\/3&#8243; css=&#8220;.vc_custom_1657050281712{padding-top: 0px !important;}&#8220;]\r\n\r\n<div class=\"wd_empty_space\" data-heightmobile=\"20\" data-heighttablet=\"20\" data-heightdesktop=\"20\">\r\n\r\n<\/div>\r\n      \r\n\r\n\r\n\r\n        \r\n      \r\n    \r\n  <div\r\n    class=\"wd-btn-wrap text-right \" >\r\n    <a href=\"https:\/\/www.mizarstvoornik.si\/de\/kontakt\/\" class=\"wd-btn btn-solid btn-medium\"\r\n\r\n        style=\"color:#000000;  background-color:#fbd232; \"\r\n        onMouseOver=\"this.style.color='#ffffff', this.style.backgroundColor='#b6702a'\"\r\n        onMouseOut=\"this.style.color='#000000', this.style.backgroundColor='#fbd232'\"\r\n    >\r\n      LASSEN SIE UNS KENNENLERNEN    <\/a>\r\n  <\/div>\r\n\r\n  [\/vc_column][\/vc_row]<\/p>\n<\/div>","protected":false},"excerpt":{"rendered":"<p>[vc_row full_width=&#8220;stretch_row&#8220; css=&#8220;.vc_custom_1573252318079{background-image: url(http:\/\/themes.webdevia.com\/flooring\/demo-2\/wp-content\/uploads\/sites\/2\/2019\/11\/map_dotes.png?id=931) !important;background-position: center !important;background-repeat: no-repeat !important;background-size: contain !important;}&#8220;][vc_column][vc_row_inner][vc_column_inner width=&#8220;8\/12&#8243; css=&#8220;.vc_custom_1575368285077{padding-right: 40px !important;padding-bottom: 40px !important;padding-left: 40px !important;}&#8220;][vc_column_text]Die Tischlerei Ornik ist ein Unternehmen im nord\u00f6stlichen Teil Sloweniens, das Produkte aus Altholz herstellt und damit das nat\u00fcrliche Erbe unserer Vorfahren bewahrt. Das von uns verwendete Holz ist zwischen 100 und 500 Jahren alt und wird [&hellip;]<\/p>\n","protected":false},"author":1,"featured_media":0,"parent":0,"menu_order":0,"comment_status":"closed","ping_status":"closed","template":"","meta":{"_monsterinsights_skip_tracking":false,"_monsterinsights_sitenote_active":false,"_monsterinsights_sitenote_note":"","_monsterinsights_sitenote_category":0,"footnotes":""},"class_list":["post-4812","page","type-page","status-publish","hentry"],"_links":{"self":[{"href":"https:\/\/www.mizarstvoornik.si\/de\/wp-json\/wp\/v2\/pages\/4812","targetHints":{"allow":["GET"]}}],"collection":[{"href":"https:\/\/www.mizarstvoornik.si\/de\/wp-json\/wp\/v2\/pages"}],"about":[{"href":"https:\/\/www.mizarstvoornik.si\/de\/wp-json\/wp\/v2\/types\/page"}],"author":[{"embeddable":true,"href":"https:\/\/www.mizarstvoornik.si\/de\/wp-json\/wp\/v2\/users\/1"}],"replies":[{"embeddable":true,"href":"https:\/\/www.mizarstvoornik.si\/de\/wp-json\/wp\/v2\/comments?post=4812"}],"version-history":[{"count":4,"href":"https:\/\/www.mizarstvoornik.si\/de\/wp-json\/wp\/v2\/pages\/4812\/revisions"}],"predecessor-version":[{"id":4927,"href":"https:\/\/www.mizarstvoornik.si\/de\/wp-json\/wp\/v2\/pages\/4812\/revisions\/4927"}],"wp:attachment":[{"href":"https:\/\/www.mizarstvoornik.si\/de\/wp-json\/wp\/v2\/media?parent=4812"}],"curies":[{"name":"wp","href":"https:\/\/api.w.org\/{rel}","templated":true}]}}