{"id":4811,"date":"2024-03-20T12:54:10","date_gmt":"2024-03-20T11:54:10","guid":{"rendered":"https:\/\/www.mizarstvoornik.si\/projekti\/"},"modified":"2024-04-14T22:22:40","modified_gmt":"2024-04-14T20:22:40","slug":"projekte","status":"publish","type":"page","link":"https:\/\/www.mizarstvoornik.si\/de\/projekte\/","title":{"rendered":"Unsere Projekte"},"content":{"rendered":"<div class=\"wpb-content-wrapper\"><p>[vc_row][vc_column]\r\n\r\n<div class=\"wd_empty_space\" data-heightmobile=\"40\" data-heighttablet=\"90\" data-heightdesktop=\"150\">\r\n\r\n<\/div>\r\n      \r\n\r\n\r\n\r\n        \r\n      \r\n    <div class='wd_empty_space' data-heightmobile='' data-heighttablet='' data-heightdesktop=''><\/div>  <div class=\"wd-heading s-behind-t text-left s-behind-t\"\r\n       style=\"; \">\r\n\t\t\r\n\t\t\t\r\n      <h2 style=\"\" data-text=\"Portfolio\">\r\n\t\t\tUnsere <span>Projekte<\/span>      <\/h2>\r\n\r\n\t\t\t\t\t\t        <p style=\"\" class=\"subtitle\">\r\n\t\t\t\tPortfolio        <\/p>\r\n\t\t\t\t\t\t\r\n\t\t    <\/div>\r\n\t\t<div class='wd_empty_space' data-heightmobile='' data-heighttablet='' data-heightdesktop=''><\/div>\r\n\r\n<div class=\"wd_empty_space\" data-heightmobile=\"10\" data-heighttablet=\"20\" data-heightdesktop=\"40\">\r\n\r\n<\/div>\r\n      \r\n\r\n\r\n\r\n        \r\n      \r\n    [\/vc_column][\/vc_row][vc_row][vc_column]\r\n  <div class=\"wd-section-project\">\r\n\t\t\t\t\t<div\r\n\t\t\t\tclass='masque portfolio-grid small-up-2 medium-up-2 large-up-4'>\r\n\t\t\t\t\t\t\t\t\t<div\r\n\t\t\t\t\t\tclass=\" column column-block\" >\r\n\t\t\t\t\t\t<div class=\"wd-project hvr-underline-from-center\">\r\n\t\t\t\t\t\t\t<img loading=\"lazy\" decoding=\"async\" width=\"380\" height=\"254\" src=\"https:\/\/www.mizarstvoornik.si\/wp-content\/uploads\/2024\/03\/Mizarstvo_Ornik_Projekti_Hise_iz_starega_tesanega_lesa_02-380x254.jpg\" class=\"attachment-flooring_portfolio size-flooring_portfolio wp-post-image\" alt=\"\" srcset=\"https:\/\/www.mizarstvoornik.si\/wp-content\/uploads\/2024\/03\/Mizarstvo_Ornik_Projekti_Hise_iz_starega_tesanega_lesa_02-380x253.jpg 380w, https:\/\/www.mizarstvoornik.si\/wp-content\/uploads\/2024\/03\/Mizarstvo_Ornik_Projekti_Hise_iz_starega_tesanega_lesa_02-300x200.jpg 300w, https:\/\/www.mizarstvoornik.si\/wp-content\/uploads\/2024\/03\/Mizarstvo_Ornik_Projekti_Hise_iz_starega_tesanega_lesa_02-768x511.jpg 768w, https:\/\/www.mizarstvoornik.si\/wp-content\/uploads\/2024\/03\/Mizarstvo_Ornik_Projekti_Hise_iz_starega_tesanega_lesa_02-690x459.jpg 690w, https:\/\/www.mizarstvoornik.si\/wp-content\/uploads\/2024\/03\/Mizarstvo_Ornik_Projekti_Hise_iz_starega_tesanega_lesa_02.jpg 900w\" sizes=\"auto, (max-width: 380px) 100vw, 380px\">\t\t\t\t\t\t\t<a href=\"https:\/\/www.mizarstvoornik.si\/de\/portfolio\/haus-gramais\/\"><h4>HAUS GRAMAIS<\/h4><\/a>\r\n\r\n\t\t\t\t\t\t\t<p>H\u00e4user aus Altholz<span>- <\/span> Projekte<span>- <\/span> <\/p>\r\n\t\t\t\t\t\t<\/div>\r\n\r\n\t\t\t\t\t<\/div>\r\n\t\t\t\t\t\t\t\t\t<div\r\n\t\t\t\t\t\tclass=\" column column-block\" >\r\n\t\t\t\t\t\t<div class=\"wd-project hvr-underline-from-center\">\r\n\t\t\t\t\t\t\t<img loading=\"lazy\" decoding=\"async\" width=\"380\" height=\"254\" src=\"https:\/\/www.mizarstvoornik.si\/wp-content\/uploads\/2024\/03\/Mizarstvo_Ornik_Hisa_Bach_Tirol-23-380x254.jpg\" class=\"attachment-flooring_portfolio size-flooring_portfolio wp-post-image\" alt=\"\">\t\t\t\t\t\t\t<a href=\"https:\/\/www.mizarstvoornik.si\/de\/portfolio\/haus-bach-tirol\/\"><h4>HAUS BACH &#8211; TIROL<\/h4><\/a>\r\n\r\n\t\t\t\t\t\t\t<p>H\u00e4user aus Altholz<span>- <\/span> Projekte<span>- <\/span> <\/p>\r\n\t\t\t\t\t\t<\/div>\r\n\r\n\t\t\t\t\t<\/div>\r\n\t\t\t\t\t\t\t\t\t<div\r\n\t\t\t\t\t\tclass=\" column column-block\" >\r\n\t\t\t\t\t\t<div class=\"wd-project hvr-underline-from-center\">\r\n\t\t\t\t\t\t\t<img loading=\"lazy\" decoding=\"async\" width=\"380\" height=\"254\" src=\"https:\/\/www.mizarstvoornik.si\/wp-content\/uploads\/2024\/03\/Mizarstvo_Ornik_Projekti_Hisa_Darschied-13-380x254.jpg\" class=\"attachment-flooring_portfolio size-flooring_portfolio wp-post-image\" alt=\"\" srcset=\"https:\/\/www.mizarstvoornik.si\/wp-content\/uploads\/2024\/03\/Mizarstvo_Ornik_Projekti_Hisa_Darschied-13-380x253.jpg 380w, https:\/\/www.mizarstvoornik.si\/wp-content\/uploads\/2024\/03\/Mizarstvo_Ornik_Projekti_Hisa_Darschied-13-300x200.jpg 300w, https:\/\/www.mizarstvoornik.si\/wp-content\/uploads\/2024\/03\/Mizarstvo_Ornik_Projekti_Hisa_Darschied-13-768x512.jpg 768w, https:\/\/www.mizarstvoornik.si\/wp-content\/uploads\/2024\/03\/Mizarstvo_Ornik_Projekti_Hisa_Darschied-13-690x460.jpg 690w, https:\/\/www.mizarstvoornik.si\/wp-content\/uploads\/2024\/03\/Mizarstvo_Ornik_Projekti_Hisa_Darschied-13.jpg 900w\" sizes=\"auto, (max-width: 380px) 100vw, 380px\">\t\t\t\t\t\t\t<a href=\"https:\/\/www.mizarstvoornik.si\/de\/portfolio\/haus-darscheid\/\"><h4>HAUS DARSCHEID<\/h4><\/a>\r\n\r\n\t\t\t\t\t\t\t<p>H\u00e4user aus Altholz<span>- <\/span> Projekte<span>- <\/span> <\/p>\r\n\t\t\t\t\t\t<\/div>\r\n\r\n\t\t\t\t\t<\/div>\r\n\t\t\t\t\t\t\t\t\t<div\r\n\t\t\t\t\t\tclass=\" column column-block\" >\r\n\t\t\t\t\t\t<div class=\"wd-project hvr-underline-from-center\">\r\n\t\t\t\t\t\t\t<img loading=\"lazy\" decoding=\"async\" width=\"380\" height=\"254\" src=\"https:\/\/www.mizarstvoornik.si\/wp-content\/uploads\/2024\/04\/Mizarstvo_Ornik_Projekti_Notranja_oprema_Gersau_Svica-9-380x254.jpg\" class=\"attachment-flooring_portfolio size-flooring_portfolio wp-post-image\" alt=\"\" srcset=\"https:\/\/www.mizarstvoornik.si\/wp-content\/uploads\/2024\/04\/Mizarstvo_Ornik_Projekti_Notranja_oprema_Gersau_Svica-9-380x253.jpg 380w, https:\/\/www.mizarstvoornik.si\/wp-content\/uploads\/2024\/04\/Mizarstvo_Ornik_Projekti_Notranja_oprema_Gersau_Svica-9-300x200.jpg 300w, https:\/\/www.mizarstvoornik.si\/wp-content\/uploads\/2024\/04\/Mizarstvo_Ornik_Projekti_Notranja_oprema_Gersau_Svica-9-1024x683.jpg 1024w, https:\/\/www.mizarstvoornik.si\/wp-content\/uploads\/2024\/04\/Mizarstvo_Ornik_Projekti_Notranja_oprema_Gersau_Svica-9-768x512.jpg 768w, https:\/\/www.mizarstvoornik.si\/wp-content\/uploads\/2024\/04\/Mizarstvo_Ornik_Projekti_Notranja_oprema_Gersau_Svica-9-1536x1024.jpg 1536w, https:\/\/www.mizarstvoornik.si\/wp-content\/uploads\/2024\/04\/Mizarstvo_Ornik_Projekti_Notranja_oprema_Gersau_Svica-9-690x460.jpg 690w, https:\/\/www.mizarstvoornik.si\/wp-content\/uploads\/2024\/04\/Mizarstvo_Ornik_Projekti_Notranja_oprema_Gersau_Svica-9.jpg 2048w\" sizes=\"auto, (max-width: 380px) 100vw, 380px\">\t\t\t\t\t\t\t<a href=\"https:\/\/www.mizarstvoornik.si\/de\/portfolio\/inneneinrichtung-gersau-schweiz\/\"><h4>INNENEINRICHTUNG &#8211; GERSAU, SCHWEIZ<\/h4><\/a>\r\n\r\n\t\t\t\t\t\t\t<p>Kellerausstattung<span>- <\/span> M\u00f6bel nach Ma\u00df<span>- <\/span> Projekte<span>- <\/span> <\/p>\r\n\t\t\t\t\t\t<\/div>\r\n\r\n\t\t\t\t\t<\/div>\r\n\t\t\t\t\t\t\t\t\t<div\r\n\t\t\t\t\t\tclass=\" column column-block\" >\r\n\t\t\t\t\t\t<div class=\"wd-project hvr-underline-from-center\">\r\n\t\t\t\t\t\t\t<img loading=\"lazy\" decoding=\"async\" width=\"380\" height=\"254\" src=\"https:\/\/www.mizarstvoornik.si\/wp-content\/uploads\/2024\/04\/Mizarstvo_Ornik_Projekti_Pekarna_Hildesheim-5-380x254.jpg\" class=\"attachment-flooring_portfolio size-flooring_portfolio wp-post-image\" alt=\"\">\t\t\t\t\t\t\t<a href=\"https:\/\/www.mizarstvoornik.si\/de\/portfolio\/baeckerei-hildesheim\/\"><h4>B\u00c4CKEREI HILDESHEIM<\/h4><\/a>\r\n\r\n\t\t\t\t\t\t\t<p>Gesch\u00e4ftseinrichtungen und Restaurants<span>- <\/span> Produkte aus Altholz<span>- <\/span> Projekte<span>- <\/span> <\/p>\r\n\t\t\t\t\t\t<\/div>\r\n\r\n\t\t\t\t\t<\/div>\r\n\t\t\t\t\t\t\t\t\t<div\r\n\t\t\t\t\t\tclass=\" column column-block\" >\r\n\t\t\t\t\t\t<div class=\"wd-project hvr-underline-from-center\">\r\n\t\t\t\t\t\t\t<img loading=\"lazy\" decoding=\"async\" width=\"380\" height=\"254\" src=\"https:\/\/www.mizarstvoornik.si\/wp-content\/uploads\/2024\/03\/Mizarstvo_Ornik_Projekti_Lovska_soba_Fussen-2-380x254.jpg\" class=\"attachment-flooring_portfolio size-flooring_portfolio wp-post-image\" alt=\"lovske sobe\" srcset=\"https:\/\/www.mizarstvoornik.si\/wp-content\/uploads\/2024\/03\/Mizarstvo_Ornik_Projekti_Lovska_soba_Fussen-2-380x253.jpg 380w, https:\/\/www.mizarstvoornik.si\/wp-content\/uploads\/2024\/03\/Mizarstvo_Ornik_Projekti_Lovska_soba_Fussen-2-300x200.jpg 300w, https:\/\/www.mizarstvoornik.si\/wp-content\/uploads\/2024\/03\/Mizarstvo_Ornik_Projekti_Lovska_soba_Fussen-2-1024x682.jpg 1024w, https:\/\/www.mizarstvoornik.si\/wp-content\/uploads\/2024\/03\/Mizarstvo_Ornik_Projekti_Lovska_soba_Fussen-2-768x512.jpg 768w, https:\/\/www.mizarstvoornik.si\/wp-content\/uploads\/2024\/03\/Mizarstvo_Ornik_Projekti_Lovska_soba_Fussen-2-690x460.jpg 690w, https:\/\/www.mizarstvoornik.si\/wp-content\/uploads\/2024\/03\/Mizarstvo_Ornik_Projekti_Lovska_soba_Fussen-2.jpg 1400w\" sizes=\"auto, (max-width: 380px) 100vw, 380px\" \/>\t\t\t\t\t\t\t<a href=\"https:\/\/www.mizarstvoornik.si\/de\/portfolio\/jagdzimmer-fuessen\/\"><h4>JAGDZIMMER &#8211; F\u00dcSSEN<\/h4><\/a>\r\n\r\n\t\t\t\t\t\t\t<p>Jagdzimmer M\u00f6bel<span>- <\/span> Projekte<span>- <\/span> <\/p>\r\n\t\t\t\t\t\t<\/div>\r\n\r\n\t\t\t\t\t<\/div>\r\n\t\t\t\t\t\t\t\t\t<div\r\n\t\t\t\t\t\tclass=\" column column-block\" >\r\n\t\t\t\t\t\t<div class=\"wd-project hvr-underline-from-center\">\r\n\t\t\t\t\t\t\t<img loading=\"lazy\" decoding=\"async\" width=\"380\" height=\"254\" src=\"https:\/\/www.mizarstvoornik.si\/wp-content\/uploads\/2024\/03\/Mizarstvo_Ornik_Projekti_Grad_Calmuth_Bohn-1-380x254.jpg\" class=\"attachment-flooring_portfolio size-flooring_portfolio wp-post-image\" alt=\"\">\t\t\t\t\t\t\t<a href=\"https:\/\/www.mizarstvoornik.si\/de\/portfolio\/schloss-calmuth-bonn\/\"><h4>SCHLOSS CALMUTH &#8211; BONN<\/h4><\/a>\r\n\r\n\t\t\t\t\t\t\t<p>Produkte aus Altholz<span>- <\/span> Projekte<span>- <\/span> <\/p>\r\n\t\t\t\t\t\t<\/div>\r\n\r\n\t\t\t\t\t<\/div>\r\n\t\t\t\t\t\t\t\t\t<div\r\n\t\t\t\t\t\tclass=\" column column-block\" >\r\n\t\t\t\t\t\t<div class=\"wd-project hvr-underline-from-center\">\r\n\t\t\t\t\t\t\t<img loading=\"lazy\" decoding=\"async\" width=\"380\" height=\"254\" src=\"https:\/\/www.mizarstvoornik.si\/wp-content\/uploads\/2024\/03\/Mizarstvo_Ornik_Projekti_Geschaeft_Oberhamer-9-380x254.jpg\" class=\"attachment-flooring_portfolio size-flooring_portfolio wp-post-image\" alt=\"\">\t\t\t\t\t\t\t<a href=\"https:\/\/www.mizarstvoornik.si\/de\/portfolio\/geschaeft-oberhammer\/\"><h4>GESCH\u00c4FT &#8211; OBERHAMMER<\/h4><\/a>\r\n\r\n\t\t\t\t\t\t\t<p>Gesch\u00e4ftseinrichtungen und Restaurants<span>- <\/span> Projekte<span>- <\/span> <\/p>\r\n\t\t\t\t\t\t<\/div>\r\n\r\n\t\t\t\t\t<\/div>\r\n\t\t\t\t\t\t\t\t\t<div\r\n\t\t\t\t\t\tclass=\" column column-block\" >\r\n\t\t\t\t\t\t<div class=\"wd-project hvr-underline-from-center\">\r\n\t\t\t\t\t\t\t<img loading=\"lazy\" decoding=\"async\" width=\"380\" height=\"254\" src=\"https:\/\/www.mizarstvoornik.si\/wp-content\/uploads\/2024\/03\/Mizarstvo_Ornik_Projekti_Gaststube_Hotel_Schumacher-7-380x254.jpg\" class=\"attachment-flooring_portfolio size-flooring_portfolio wp-post-image\" alt=\"\">\t\t\t\t\t\t\t<a href=\"https:\/\/www.mizarstvoornik.si\/de\/portfolio\/jagdzimmer-hotel-schumacher\/\"><h4>JAGDZIMMER &#8211; HOTEL SCHUMACHER<\/h4><\/a>\r\n\r\n\t\t\t\t\t\t\t<p>Jagdzimmer M\u00f6bel<span>- <\/span> Projekte<span>- <\/span> <\/p>\r\n\t\t\t\t\t\t<\/div>\r\n\r\n\t\t\t\t\t<\/div>\r\n\t\t\t\t\t\t\t\t\t<div\r\n\t\t\t\t\t\tclass=\" column column-block\" >\r\n\t\t\t\t\t\t<div class=\"wd-project hvr-underline-from-center\">\r\n\t\t\t\t\t\t\t<img loading=\"lazy\" decoding=\"async\" width=\"380\" height=\"254\" src=\"https:\/\/www.mizarstvoornik.si\/wp-content\/uploads\/2024\/04\/Mizarstvo_Ornik_Projekti_Soba_za_goste_Ochesenhausen-16-380x254.jpg\" class=\"attachment-flooring_portfolio size-flooring_portfolio wp-post-image\" alt=\"\">\t\t\t\t\t\t\t<a href=\"https:\/\/www.mizarstvoornik.si\/de\/portfolio\/gaestezimmer-ochesenhausen\/\"><h4>G\u00c4STEZIMMER &#8211; OCHESENHAUSEN<\/h4><\/a>\r\n\r\n\t\t\t\t\t\t\t<p>Jagdzimmer M\u00f6bel<span>- <\/span> Projekte<span>- <\/span> <\/p>\r\n\t\t\t\t\t\t<\/div>\r\n\r\n\t\t\t\t\t<\/div>\r\n\t\t\t\t\t\t\t\t\t<div\r\n\t\t\t\t\t\tclass=\" column column-block\" >\r\n\t\t\t\t\t\t<div class=\"wd-project hvr-underline-from-center\">\r\n\t\t\t\t\t\t\t<img loading=\"lazy\" decoding=\"async\" width=\"380\" height=\"254\" src=\"https:\/\/www.mizarstvoornik.si\/wp-content\/uploads\/2024\/04\/Mizarstvo_Ornik_Projekti_Savne_iz_cemprina-5-380x254.jpg\" class=\"attachment-flooring_portfolio size-flooring_portfolio wp-post-image\" alt=\"\">\t\t\t\t\t\t\t<a href=\"https:\/\/www.mizarstvoornik.si\/de\/portfolio\/saunen-aus-zirbelkiefer\/\"><h4>SAUNEN AUS ZIRBELKIEFER<\/h4><\/a>\r\n\r\n\t\t\t\t\t\t\t<p>Projekte<span>- <\/span> Saunen aus Zirbenholz<span>- <\/span> <\/p>\r\n\t\t\t\t\t\t<\/div>\r\n\r\n\t\t\t\t\t<\/div>\r\n\t\t\t\t\t\t\t\t\t<div\r\n\t\t\t\t\t\tclass=\" column column-block\" >\r\n\t\t\t\t\t\t<div class=\"wd-project hvr-underline-from-center\">\r\n\t\t\t\t\t\t\t<img loading=\"lazy\" decoding=\"async\" width=\"380\" height=\"254\" src=\"https:\/\/www.mizarstvoornik.si\/wp-content\/uploads\/2024\/04\/Mizarstvo_Ornik_Projekti_Oprema_stari_hrast_Straelen-7-380x254.jpg\" class=\"attachment-flooring_portfolio size-flooring_portfolio wp-post-image\" alt=\"\">\t\t\t\t\t\t\t<a href=\"https:\/\/www.mizarstvoornik.si\/de\/portfolio\/inneneinrichtung-straelen\/\"><h4>INNENEINRICHTUNG &#8211; STRAELEN<\/h4><\/a>\r\n\r\n\t\t\t\t\t\t\t<p>M\u00f6bel nach Ma\u00df<span>- <\/span> Projekte<span>- <\/span> <\/p>\r\n\t\t\t\t\t\t<\/div>\r\n\r\n\t\t\t\t\t<\/div>\r\n\t\t\t\t\t\t\t\t\t<div\r\n\t\t\t\t\t\tclass=\" column column-block\" >\r\n\t\t\t\t\t\t<div class=\"wd-project hvr-underline-from-center\">\r\n\t\t\t\t\t\t\t<img loading=\"lazy\" decoding=\"async\" width=\"380\" height=\"254\" src=\"https:\/\/www.mizarstvoornik.si\/wp-content\/uploads\/2024\/04\/Mizarstvo_Ornik_Projekti_Rulzheim-6-380x254.jpg\" class=\"attachment-flooring_portfolio size-flooring_portfolio wp-post-image\" alt=\"\">\t\t\t\t\t\t\t<a href=\"https:\/\/www.mizarstvoornik.si\/de\/portfolio\/inneneinrichtung-rulzheim\/\"><h4>INNENEINRICHTUNG &#8211; R\u00dcLZHEIM<\/h4><\/a>\r\n\r\n\t\t\t\t\t\t\t<p>M\u00f6bel nach Ma\u00df<span>- <\/span> Projekte<span>- <\/span> <\/p>\r\n\t\t\t\t\t\t<\/div>\r\n\r\n\t\t\t\t\t<\/div>\r\n\t\t\t\t\t\t\t\t\t<div\r\n\t\t\t\t\t\tclass=\" column column-block\" >\r\n\t\t\t\t\t\t<div class=\"wd-project hvr-underline-from-center\">\r\n\t\t\t\t\t\t\t<img loading=\"lazy\" decoding=\"async\" width=\"380\" height=\"254\" src=\"https:\/\/www.mizarstvoornik.si\/wp-content\/uploads\/2024\/03\/Mizarstvo_Ornik_Projekti_Lovska_soba_Vrbsko_jezero-10-380x254.jpg\" class=\"attachment-flooring_portfolio size-flooring_portfolio wp-post-image\" alt=\"\">\t\t\t\t\t\t\t<a href=\"https:\/\/www.mizarstvoornik.si\/de\/portfolio\/jagdzimmer-woerthersee\/\"><h4>JAGDZIMMER &#8211; W\u00d6RTHERSEE<\/h4><\/a>\r\n\r\n\t\t\t\t\t\t\t<p>Jagdzimmer M\u00f6bel<span>- <\/span> Projekte<span>- <\/span> <\/p>\r\n\t\t\t\t\t\t<\/div>\r\n\r\n\t\t\t\t\t<\/div>\r\n\t\t\t\t\t\t\t\t\t<div\r\n\t\t\t\t\t\tclass=\" column column-block\" >\r\n\t\t\t\t\t\t<div class=\"wd-project hvr-underline-from-center\">\r\n\t\t\t\t\t\t\t<img loading=\"lazy\" decoding=\"async\" width=\"380\" height=\"254\" src=\"https:\/\/www.mizarstvoornik.si\/wp-content\/uploads\/2024\/03\/Mizarstvo_Ornik_Projekti_Lovska_soba_Hannover-2-380x254.jpg\" class=\"attachment-flooring_portfolio size-flooring_portfolio wp-post-image\" alt=\"\" srcset=\"https:\/\/www.mizarstvoornik.si\/wp-content\/uploads\/2024\/03\/Mizarstvo_Ornik_Projekti_Lovska_soba_Hannover-2-380x253.jpg 380w, https:\/\/www.mizarstvoornik.si\/wp-content\/uploads\/2024\/03\/Mizarstvo_Ornik_Projekti_Lovska_soba_Hannover-2-300x200.jpg 300w, https:\/\/www.mizarstvoornik.si\/wp-content\/uploads\/2024\/03\/Mizarstvo_Ornik_Projekti_Lovska_soba_Hannover-2.jpg 600w\" sizes=\"auto, (max-width: 380px) 100vw, 380px\">\t\t\t\t\t\t\t<a href=\"https:\/\/www.mizarstvoornik.si\/de\/portfolio\/jagdzimmer-hannover\/\"><h4>JAGDZIMMER &#8211; HANNOVER<\/h4><\/a>\r\n\r\n\t\t\t\t\t\t\t<p>Jagdzimmer M\u00f6bel<span>- <\/span> Projekte<span>- <\/span> <\/p>\r\n\t\t\t\t\t\t<\/div>\r\n\r\n\t\t\t\t\t<\/div>\r\n\t\t\t\t\t\t\t\t\t<div\r\n\t\t\t\t\t\tclass=\" column column-block\" >\r\n\t\t\t\t\t\t<div class=\"wd-project hvr-underline-from-center\">\r\n\t\t\t\t\t\t\t<img loading=\"lazy\" decoding=\"async\" width=\"380\" height=\"254\" src=\"https:\/\/www.mizarstvoornik.si\/wp-content\/uploads\/2024\/03\/Mizarstvo_Ornik_Projekti_Lovska_hisa_Berlin-2-380x254.jpg\" class=\"attachment-flooring_portfolio size-flooring_portfolio wp-post-image\" alt=\"\">\t\t\t\t\t\t\t<a href=\"https:\/\/www.mizarstvoornik.si\/de\/portfolio\/jagdhaus-berlin\/\"><h4>JAGDHAUS &#8211; BERLIN<\/h4><\/a>\r\n\r\n\t\t\t\t\t\t\t<p>Jagdzimmer M\u00f6bel<span>- <\/span> Projekte<span>- <\/span> <\/p>\r\n\t\t\t\t\t\t<\/div>\r\n\r\n\t\t\t\t\t<\/div>\r\n\t\t\t\t\t\t\t\t\t<div\r\n\t\t\t\t\t\tclass=\" column column-block\" >\r\n\t\t\t\t\t\t<div class=\"wd-project hvr-underline-from-center\">\r\n\t\t\t\t\t\t\t<img loading=\"lazy\" decoding=\"async\" width=\"380\" height=\"254\" src=\"https:\/\/www.mizarstvoornik.si\/wp-content\/uploads\/2024\/03\/Mizarstvo_Ornik_Projekti_Hisa_Palfau-9-380x254.jpg\" class=\"attachment-flooring_portfolio size-flooring_portfolio wp-post-image\" alt=\"\">\t\t\t\t\t\t\t<a href=\"https:\/\/www.mizarstvoornik.si\/de\/portfolio\/haus-palfau\/\"><h4>HAUS PALFAU<\/h4><\/a>\r\n\r\n\t\t\t\t\t\t\t<p>H\u00e4user aus Altholz<span>- <\/span> Projekte<span>- <\/span> <\/p>\r\n\t\t\t\t\t\t<\/div>\r\n\r\n\t\t\t\t\t<\/div>\r\n\t\t\t\t\t\t\t\t\t<div\r\n\t\t\t\t\t\tclass=\" column column-block\" >\r\n\t\t\t\t\t\t<div class=\"wd-project hvr-underline-from-center\">\r\n\t\t\t\t\t\t\t<img loading=\"lazy\" decoding=\"async\" width=\"380\" height=\"254\" src=\"https:\/\/www.mizarstvoornik.si\/wp-content\/uploads\/2014\/08\/Mizarstvo_Ornik_Projekti_Gasthaus_Jakele-9-380x254.jpg\" class=\"attachment-flooring_portfolio size-flooring_portfolio wp-post-image\" alt=\"\" srcset=\"https:\/\/www.mizarstvoornik.si\/wp-content\/uploads\/2014\/08\/Mizarstvo_Ornik_Projekti_Gasthaus_Jakele-9-380x253.jpg 380w, https:\/\/www.mizarstvoornik.si\/wp-content\/uploads\/2014\/08\/Mizarstvo_Ornik_Projekti_Gasthaus_Jakele-9-300x200.jpg 300w, https:\/\/www.mizarstvoornik.si\/wp-content\/uploads\/2014\/08\/Mizarstvo_Ornik_Projekti_Gasthaus_Jakele-9-768x512.jpg 768w, https:\/\/www.mizarstvoornik.si\/wp-content\/uploads\/2014\/08\/Mizarstvo_Ornik_Projekti_Gasthaus_Jakele-9-690x460.jpg 690w, https:\/\/www.mizarstvoornik.si\/wp-content\/uploads\/2014\/08\/Mizarstvo_Ornik_Projekti_Gasthaus_Jakele-9.jpg 900w\" sizes=\"auto, (max-width: 380px) 100vw, 380px\">\t\t\t\t\t\t\t<a href=\"https:\/\/www.mizarstvoornik.si\/de\/portfolio\/gaststube-jakele\/\"><h4>GASTSTUBE &#8211; JAKELE<\/h4><\/a>\r\n\r\n\t\t\t\t\t\t\t<p>Gesch\u00e4ftseinrichtungen und Restaurants<span>- <\/span> Projekte<span>- <\/span> <\/p>\r\n\t\t\t\t\t\t<\/div>\r\n\r\n\t\t\t\t\t<\/div>\r\n\t\t\t\t\t\t\t<\/div>\r\n\t\t\t\t\t\t  <\/div>\r\n\t[\/vc_column][\/vc_row][vc_row][vc_column]\r\n\r\n<div class=\"wd_empty_space\" data-heightmobile=\"10\" data-heighttablet=\"10\" data-heightdesktop=\"100\">\r\n\r\n<\/div>\r\n      \r\n\r\n\r\n\r\n        \r\n      \r\n    [\/vc_column][\/vc_row][vc_row full_width=&#8220;stretch_row&#8220; css=&#8220;.vc_custom_1573814664307{margin-bottom: 0px !important;background-color: #f7f7f7 !important;background-position: center !important;background-repeat: no-repeat !important;background-size: cover !important;}&#8220;][vc_column width=&#8220;1\/2&#8243;]\r\n\r\n<div class=\"wd_empty_space\" data-heightmobile=\"10\" data-heighttablet=\"10\" data-heightdesktop=\"60\">\r\n\r\n<\/div>\r\n      \r\n\r\n\r\n\r\n        \r\n      \r\n    <div class='wd_empty_space' data-heightmobile='' data-heighttablet='' data-heightdesktop=''><\/div>  <div class=\"wd-heading s-under-t text-left \"\r\n       style=\"; \">\r\n\t\t\r\n\t\t\t\r\n      <h3 style=\"font-weight:400;color:#303030;\" data-text=\"Wir werden Ihre W\u00fcnsche gerne erf\u00fcllen und das Projekt mit Schwerpunkt auf erstklassiger Qualit\u00e4t umsetzen.\">\r\n\t\t\tHaben Sie in uns die richtigen Meister f\u00fcr Ihre W\u00fcnsche erkannt?      <\/h3>\r\n\r\n\t\t\t\t\t\t        <p style=\"font-weight:400;color:#303030;\" class=\"subtitle\">\r\n\t\t\t\tWir werden Ihre W\u00fcnsche gerne erf\u00fcllen und das Projekt mit Schwerpunkt auf erstklassiger Qualit\u00e4t umsetzen.        <\/p>\r\n\t\t\t\t\t\t\r\n\t\t    <\/div>\r\n\t\t<div class='wd_empty_space' data-heightmobile='' data-heighttablet='' data-heightdesktop=''><\/div>\r\n\r\n<div class=\"wd_empty_space\" data-heightmobile=\"10\" data-heighttablet=\"10\" data-heightdesktop=\"60\">\r\n\r\n<\/div>\r\n      \r\n\r\n\r\n\r\n        \r\n      \r\n    [\/vc_column][vc_column width=&#8220;1\/2&#8243;]\r\n\r\n<div class=\"wd_empty_space\" data-heightmobile=\"10\" data-heighttablet=\"10\" data-heightdesktop=\"60\">\r\n\r\n<\/div>\r\n      \r\n\r\n\r\n\r\n        \r\n      \r\n    \r\n  <div\r\n    class=\"wd-btn-wrap text-right \" >\r\n    <a href=\"https:\/\/www.mizarstvoornik.si\/de\/kontakt\/\" class=\"wd-btn btn-solid btn-medium\"\r\n\r\n        style=\"color:#ffffff;  background-color:#a06b21; \"\r\n        onMouseOver=\"this.style.color='#000000', this.style.backgroundColor='#a06b21'\"\r\n        onMouseOut=\"this.style.color='#ffffff', this.style.backgroundColor='#a06b21'\"\r\n    >\r\n      Kontaktieren Sie uns    <\/a>\r\n  <\/div>\r\n\r\n  \r\n\r\n<div class=\"wd_empty_space\" data-heightmobile=\"10\" data-heighttablet=\"10\" data-heightdesktop=\"60\">\r\n\r\n<\/div>\r\n      \r\n\r\n\r\n\r\n        \r\n      \r\n    [\/vc_column][\/vc_row]<\/p>\n<\/div>","protected":false},"excerpt":{"rendered":"<p>[vc_row][vc_column][\/vc_column][\/vc_row][vc_row][vc_column][\/vc_column][\/vc_row][vc_row][vc_column][\/vc_column][\/vc_row][vc_row full_width=&#8220;stretch_row&#8220; css=&#8220;.vc_custom_1573814664307{margin-bottom: 0px !important;background-color: #f7f7f7 !important;background-position: center !important;background-repeat: no-repeat !important;background-size: cover !important;}&#8220;][vc_column width=&#8220;1\/2&#8243;][\/vc_column][vc_column width=&#8220;1\/2&#8243;][\/vc_column][\/vc_row]<\/p>\n","protected":false},"author":1,"featured_media":0,"parent":0,"menu_order":0,"comment_status":"closed","ping_status":"closed","template":"","meta":{"_monsterinsights_skip_tracking":false,"_monsterinsights_sitenote_active":false,"_monsterinsights_sitenote_note":"","_monsterinsights_sitenote_category":0,"footnotes":""},"class_list":["post-4811","page","type-page","status-publish","hentry"],"_links":{"self":[{"href":"https:\/\/www.mizarstvoornik.si\/de\/wp-json\/wp\/v2\/pages\/4811","targetHints":{"allow":["GET"]}}],"collection":[{"href":"https:\/\/www.mizarstvoornik.si\/de\/wp-json\/wp\/v2\/pages"}],"about":[{"href":"https:\/\/www.mizarstvoornik.si\/de\/wp-json\/wp\/v2\/types\/page"}],"author":[{"embeddable":true,"href":"https:\/\/www.mizarstvoornik.si\/de\/wp-json\/wp\/v2\/users\/1"}],"replies":[{"embeddable":true,"href":"https:\/\/www.mizarstvoornik.si\/de\/wp-json\/wp\/v2\/comments?post=4811"}],"version-history":[{"count":3,"href":"https:\/\/www.mizarstvoornik.si\/de\/wp-json\/wp\/v2\/pages\/4811\/revisions"}],"predecessor-version":[{"id":4874,"href":"https:\/\/www.mizarstvoornik.si\/de\/wp-json\/wp\/v2\/pages\/4811\/revisions\/4874"}],"wp:attachment":[{"href":"https:\/\/www.mizarstvoornik.si\/de\/wp-json\/wp\/v2\/media?parent=4811"}],"curies":[{"name":"wp","href":"https:\/\/api.w.org\/{rel}","templated":true}]}}